{"id":140,"date":"2018-05-14T08:14:41","date_gmt":"2018-05-14T06:14:41","guid":{"rendered":"http:\/\/www.zonereu.testwebu.com\/?page_id=140"},"modified":"2025-12-19T12:24:47","modified_gmt":"2025-12-19T11:24:47","slug":"internetdienste","status":"publish","type":"page","link":"https:\/\/www.zoner.eu\/de\/internetdienste","title":{"rendered":"Internetdienste"},"content":{"rendered":"<p>Die Geschichte der Internetdienste begann 1996 mit dem Projekt CZECHIA.COM. <strong>CZECHIA war einer der ersten Anbieter von Webhosting-Diensten und Domain-Registrierungen in der Tschechischen Republik<\/strong>.<\/p>\r\n\r\n<p><strong>Die urspr\u00fcngliche Aufgabe von CZECHIA war es, den tschechischen Firmen eine Online-Pr\u00e4sentation auf den ausl\u00e4ndischen M\u00e4rkten zu erm\u00f6glichen<\/strong>. Es handelte sich vor allem um die USA, wo unsere ersten Server platziert waren, welche den Betrieb der Web-Domains sicherstellten. Ein Jahr sp\u00e4ter fingen wir an, professionelle Webhosting-Dienste auch auf den Servern in der Tschechischen Republik anzubieten und somit trugen wir zur Entwicklung der Internetdienste in unserem Land bei. 2001 errichteten wir als erster spezialisierte Anbieter von Webhosting-Diensten eigenes Datacenter. Seit 2003 sind wird akkreditierter Domain-Name-Registrar f\u00fcr .cz, zwei Jahre sp\u00e4ter auch f\u00fcr .eu und .sk.<\/p>\r\n\r\n<p><strong> Die Internetabteilung bietet derzeit ein breites Spektrum an Produkten, die sowohl Firmen als auch einzelnen Personen bei einer erfolgreichen Pr\u00e4sentation im Internet komplex behilflich sind.<\/strong> Neben den Registrierungen von bis zu 600 TLD-Domains und der Webhosting-Diensten bieten wir eine E-Shop L\u00f6sung \u2013 <a href=\"https:\/\/www.inshop.cz\/\">inShop<\/a>, ein System f\u00fcr schnelle Erstellung von Webseiten \u2013 <a href=\"https:\/\/www.inpage.cz\/\">inPage<\/a> und Cloud-Dienste \u2013 <a href=\"https:\/\/www.zonercloud.cz\/\">ZonerCloud<\/a>.<\/p>\r\n\r\n<p>Auf uns verlassen sich Hunderttausende Kunden, welche die umfassende Zug\u00e4nglichkeit unserer Dienste und das professionelle Team der Kundenunterst\u00fctzung mit einem individuellen Herantreten sch\u00e4tzen. Infolgedessen geh\u00f6ren wir den f\u00fchrenden Anbietern von Internetdiensten in der Tschechischen und Slowakischen Republik an.<\/p>","protected":false},"excerpt":{"rendered":"<p>Die Geschichte der Internetdienste begann 1996 mit dem Projekt CZECHIA.COM. CZECHIA war einer der ersten Anbieter von Webhosting-Diensten und Domain-Registrierungen in der Tschechischen Republik. Die urspr\u00fcngliche Aufgabe von CZECHIA war es, den tschechischen Firmen eine Online-Pr\u00e4sentation auf den ausl\u00e4ndischen M\u00e4rkten zu erm\u00f6glichen. Es handelte sich vor allem um die USA, wo unsere ersten Server platziert [&hellip;]<\/p>\n","protected":false},"author":1,"featured_media":66,"parent":0,"menu_order":0,"comment_status":"closed","ping_status":"closed","template":"division.php","meta":{"footnotes":""},"class_list":["post-140","page","type-page","status-publish","has-post-thumbnail","hentry"],"_links":{"self":[{"href":"https:\/\/www.zoner.eu\/de\/wp-json\/wp\/v2\/pages\/140","targetHints":{"allow":["GET"]}}],"collection":[{"href":"https:\/\/www.zoner.eu\/de\/wp-json\/wp\/v2\/pages"}],"about":[{"href":"https:\/\/www.zoner.eu\/de\/wp-json\/wp\/v2\/types\/page"}],"author":[{"embeddable":true,"href":"https:\/\/www.zoner.eu\/de\/wp-json\/wp\/v2\/users\/1"}],"replies":[{"embeddable":true,"href":"https:\/\/www.zoner.eu\/de\/wp-json\/wp\/v2\/comments?post=140"}],"version-history":[{"count":6,"href":"https:\/\/www.zoner.eu\/de\/wp-json\/wp\/v2\/pages\/140\/revisions"}],"predecessor-version":[{"id":1627,"href":"https:\/\/www.zoner.eu\/de\/wp-json\/wp\/v2\/pages\/140\/revisions\/1627"}],"wp:featuredmedia":[{"embeddable":true,"href":"https:\/\/www.zoner.eu\/de\/wp-json\/wp\/v2\/media\/66"}],"wp:attachment":[{"href":"https:\/\/www.zoner.eu\/de\/wp-json\/wp\/v2\/media?parent=140"}],"curies":[{"name":"wp","href":"https:\/\/api.w.org\/{rel}","templated":true}]}}