{"id":173,"date":"2018-05-16T07:32:19","date_gmt":"2018-05-16T05:32:19","guid":{"rendered":"http:\/\/www.zonereu.testwebu.com\/?page_id=173"},"modified":"2025-12-19T12:35:16","modified_gmt":"2025-12-19T11:35:16","slug":"ueber-die-gesellschaft","status":"publish","type":"page","link":"https:\/\/www.zoner.eu\/de\/ueber-die-gesellschaft","title":{"rendered":"\u00dcber die Gesellschaft"},"content":{"rendered":"ZONER a.s. ist eine europ\u00e4ische Gesellschaft mit dem Hauptsitz in Brno und mit Niederlassungen in der Slowakei, in Ungarn, Japan und in den USA. Sie befasst sich mit der Entwicklung und Distribution von Software, gleichzeitig ist sie f\u00fchrender Anbieter von Internetdiensten, die mit der Pr\u00e4sentation im Internet und E-Commerce zusammenh\u00e4ngen. Die Firma ist in vier Abteilungen aufgeteilt (fotografische Software, Internetdienste, Online-Sicherheit und Verlag), wo jede der Abteilungen ihren Direktor hat und die Gesamtheit von einem einzigen Vorstandsvorsitzenden gef\u00fchrt wird. In ZONER a. s. sind mehr als 100 Mitarbeiter besch\u00e4ftigt.\r\n\r\n<div class='row'>\r\n<div class='col-12 col-md-6'>\r\n<img loading=\"lazy\" decoding=\"async\" class=\"alignnone wp-image-1463 size-medium\" src=\"https:\/\/zoner.eu\/wp-content\/uploads\/2018\/06\/IMG_9166-700x466.jpg\" alt=\"\" width=\"700\" height=\"466\" srcset=\"https:\/\/www.zoner.eu\/de\/files\/2018\/06\/IMG_9166-700x466.jpg 700w, https:\/\/www.zoner.eu\/de\/files\/2018\/06\/IMG_9166-768x512.jpg 768w, https:\/\/www.zoner.eu\/de\/files\/2018\/06\/IMG_9166-1024x682.jpg 1024w, https:\/\/www.zoner.eu\/de\/files\/2018\/06\/IMG_9166-300x200.jpg 300w\" sizes=\"auto, (max-width: 700px) 100vw, 700px\" \/>\r\n<\/div>\r\n<div class='col-12 col-md-6'>\r\n<img loading=\"lazy\" decoding=\"async\" class=\"alignnone wp-image-1464 size-medium\" src=\"https:\/\/zoner.eu\/wp-content\/uploads\/2018\/06\/IMG_9190-700x467.jpg\" alt=\"\" width=\"700\" height=\"467\" srcset=\"https:\/\/www.zoner.eu\/de\/files\/2018\/06\/IMG_9190-700x467.jpg 700w, https:\/\/www.zoner.eu\/de\/files\/2018\/06\/IMG_9190-768x512.jpg 768w, https:\/\/www.zoner.eu\/de\/files\/2018\/06\/IMG_9190-1024x683.jpg 1024w, https:\/\/www.zoner.eu\/de\/files\/2018\/06\/IMG_9190-300x200.jpg 300w\" sizes=\"auto, (max-width: 700px) 100vw, 700px\" \/>\r\n<\/div>\r\n<\/div>","protected":false},"excerpt":{"rendered":"<p>ZONER a.s. ist eine europ\u00e4ische Gesellschaft mit dem Hauptsitz in Brno und mit Niederlassungen in der Slowakei, in Ungarn, Japan und in den USA. Sie befasst sich mit der Entwicklung und Distribution von Software, gleichzeitig ist sie f\u00fchrender Anbieter von Internetdiensten, die mit der Pr\u00e4sentation im Internet und E-Commerce zusammenh\u00e4ngen. Die Firma ist in vier [&hellip;]<\/p>\n","protected":false},"author":1,"featured_media":19,"parent":0,"menu_order":0,"comment_status":"closed","ping_status":"closed","template":"about.php","meta":{"footnotes":""},"class_list":["post-173","page","type-page","status-publish","has-post-thumbnail","hentry"],"_links":{"self":[{"href":"https:\/\/www.zoner.eu\/de\/wp-json\/wp\/v2\/pages\/173","targetHints":{"allow":["GET"]}}],"collection":[{"href":"https:\/\/www.zoner.eu\/de\/wp-json\/wp\/v2\/pages"}],"about":[{"href":"https:\/\/www.zoner.eu\/de\/wp-json\/wp\/v2\/types\/page"}],"author":[{"embeddable":true,"href":"https:\/\/www.zoner.eu\/de\/wp-json\/wp\/v2\/users\/1"}],"replies":[{"embeddable":true,"href":"https:\/\/www.zoner.eu\/de\/wp-json\/wp\/v2\/comments?post=173"}],"version-history":[{"count":5,"href":"https:\/\/www.zoner.eu\/de\/wp-json\/wp\/v2\/pages\/173\/revisions"}],"predecessor-version":[{"id":2135,"href":"https:\/\/www.zoner.eu\/de\/wp-json\/wp\/v2\/pages\/173\/revisions\/2135"}],"wp:featuredmedia":[{"embeddable":true,"href":"https:\/\/www.zoner.eu\/de\/wp-json\/wp\/v2\/media\/19"}],"wp:attachment":[{"href":"https:\/\/www.zoner.eu\/de\/wp-json\/wp\/v2\/media?parent=173"}],"curies":[{"name":"wp","href":"https:\/\/api.w.org\/{rel}","templated":true}]}}