{"id":235,"date":"2018-05-23T06:09:08","date_gmt":"2018-05-23T04:09:08","guid":{"rendered":"http:\/\/www.zonereu.testwebu.com\/?page_id=235"},"modified":"2025-12-19T12:39:40","modified_gmt":"2025-12-19T11:39:40","slug":"wirtschaftsergebnisse","status":"publish","type":"page","link":"https:\/\/www.zoner.eu\/de\/ueber-die-gesellschaft\/wirtschaftsergebnisse","title":{"rendered":"Wirtschaftsergebnisse"},"content":{"rendered":"<table class=\"tabulka table-striped colored\" style=\"text-align: center\">\r\n<thead>\r\n<tr>\r\n<td style=\"width: 160px\">ZONER software, a.s.<\/td>\r\n<td style=\"width: 103px\">Erl\u00f6se insgesamt\r\n<span style=\"font-size: 0.7em\">(in Tausenden CZK)<\/span><\/td>\r\n<td style=\"width: 126px\">Wachstum zwischenj\u00e4hrlich<\/td>\r\n<td style=\"width: 326px\">EBITDA Gewinn vor Zinsen, Steuern und Abschreibungen\r\n<span style=\"font-size: 0.7em\">(in Tausenden CZK)<\/span><\/td>\r\n<td style=\"width: 149px\">EBT Gewinn vor der Besteuerung\r\n<span style=\"font-size: 0.7em\">(in Tausenden CZK)<\/span><\/td>\r\n<\/tr>\r\n<\/thead>\r\n<tbody>\r\n<tr>\r\n    <td data-th=\"ZONER software, a.s.\">2017<\/td>\r\n    <td data-th=\"Erl\u00f6se insgesamt\">132 795<\/td>\r\n    <td data-th=\"Wachstum zwischenj\u00e4hrlich\">&nbsp;<\/td>\r\n    <td data-th=\"EBITDA\">&nbsp;<\/td>\r\n    <td data-th=\"EBT\">&nbsp;<\/td>\r\n<\/tr>\r\n<tr>\r\n    <td data-th=\"ZONER software, a.s.\">2018<\/td>\r\n    <td data-th=\"Erl\u00f6se insgesamt\">155 213<\/td>\r\n    <td data-th=\"Wachstum zwischenj\u00e4hrlich\">+14,5 %<\/td>\r\n    <td data-th=\"EBITDA\">34 427<\/td>\r\n    <td data-th=\"EBT\">14 300<\/td>\r\n<\/tr>\r\n<tr>\r\n    <td data-th=\"ZONER software, a.s.\">2019<\/td>\r\n    <td data-th=\"Erl\u00f6se insgesamt\">180 628<\/td>\r\n    <td data-th=\"Wachstum zwischenj\u00e4hrlich\">+16,4 %<\/td>\r\n    <td data-th=\"EBITDA\">26 101<\/td>\r\n    <td data-th=\"EBT\">3 913<\/td>\r\n<\/tr>\r\n<tr>\r\n    <td data-th=\"ZONER software, a.s.\">2020<\/td>\r\n    <td data-th=\"Erl\u00f6se insgesamt\">198 893<\/td>\r\n    <td data-th=\"Wachstum zwischenj\u00e4hrlich\">+9,08 %<\/td>\r\n    <td data-th=\"EBITDA\">30 532<\/td>\r\n    <td data-th=\"EBT\">2 824<\/td>\r\n<\/tr>\r\n<tr>\r\n    <td data-th=\"ZONER software, a.s.\">2021<\/td>\r\n    <td data-th=\"Erl\u00f6se insgesamt\">210 992<\/td>\r\n    <td data-th=\"Wachstum zwischenj\u00e4hrlich\">+6,10 %<\/td>\r\n    <td data-th=\"EBITDA\">30 177<\/td>\r\n    <td data-th=\"EBT\">2 398<\/td>\r\n<\/tr>\r\n<tr>\r\n    <td data-th=\"ZONER software, a.s.\">2022<\/td>\r\n    <td data-th=\"Erl\u00f6se insgesamt\">239 003<\/td>\r\n    <td data-th=\"Wachstum zwischenj\u00e4hrlich\">+13,27 %<\/td>\r\n    <td data-th=\"EBITDA\">49 126<\/td>\r\n    <td data-th=\"EBT\">18 218<\/td>\r\n<\/tr>\r\n<tr>\r\n    <td data-th=\"ZONER software, a.s.\">2023<\/td>\r\n    <td data-th=\"Erl\u00f6se insgesamt\">244 133<\/td>\r\n    <td data-th=\"Wachstum zwischenj\u00e4hrlich\">+2,14 %<\/td>\r\n    <td data-th=\"EBITDA\">23 441<\/td>\r\n    <td data-th=\"EBT\">3 940<\/td>\r\n<\/tr>\r\n<tr>\r\n    <td data-th=\"ZONER software, a.s.\">2024*<\/td>\r\n    <td data-th=\"Erl\u00f6se insgesamt\">263 000<\/td>\r\n    <td data-th=\"Wachstum zwischenj\u00e4hrlich\">+8 %<\/td>\r\n    <td data-th=\"EBITDA\">30 000<\/td>\r\n    <td data-th=\"EBT\">5 000<\/td>\r\n<\/tr>\r\n\r\n<\/tbody>\r\n<\/table>\r\n\r\n<p>\r\nDas Fiskaljahr von ZONER beginnt in dem gegebenen Jahr jeweils am 1. 9. und endet 31. 8. des darauffolgenden Jahres.<br><br>\r\n\r\n* Wegen der zeitlichen Unterscheidung des Einkommens bei ITS und SW Erl\u00f6se herabgesetzt um 24,3 Mio.<br>\r\n** Vorl\u00e4ufige Ergebnisse, qualifizierte Sch\u00e4tzung<br>\r\n<\/p>\r\n\r\n<h2>Graf der Wirtschaftsergebnisse<\/h2>\r\n<div style=\"float: left;width: 50%;text-align: center\" id=\"graf-left\">\r\n\r\n<div id=\"chart_div_new\" style=\"height: 600px;width: 50% !important\"><\/div>\r\n<div id=\"chart_png_new\"><\/div>\r\n<\/div>\r\n\r\n<div style=\"width: 45%;float: left;margin-left: 30px\" id=\"graf-right\">\r\n<h3 style=\"text-align: center\">ZONER a.s. erhielt von der internationalen Gesellschaft Dun&amp;Bradstreet die prestigetr\u00e4chtige Auszeichnung CZECH Stability Award mit der h\u00f6chstm\u00f6glichen Bewertung AAA.<\/h3>\r\n<p>&nbsp;<\/p>\r\n<p><a href=\"https:\/\/www.zoner.eu\/en\/files\/2022\/07\/Digital-Certificate-EN.pdf\" target=\"_blank\" rel=\"noopener\"><img loading=\"lazy\" decoding=\"async\" src=\"https:\/\/www.zoner.eu\/wp-content\/uploads\/2022\/07\/etiketa-faktura-vyska-CSA-AAA-CZ.png\" alt=\"\" width=\"213\" height=\"300\" class=\"aligncenter wp-image-2206\" \/><\/a><\/p>\r\n<\/div>\r\n\r\n\r\n@media screen and ( max-width: 576px ) {\r\n  .tabulka tr {\r\nborder-top: 20px solid white;\r\n  }\r\n\r\ntable.tabulka tbody td:before, table.tabulka tfoot td:before {\r\n width: 50%;\r\n}\r\n}\r\n","protected":false},"excerpt":{"rendered":"<p>ZONER software, a.s. Erl\u00f6se insgesamt (in Tausenden CZK) Wachstum zwischenj\u00e4hrlich EBITDA Gewinn vor Zinsen, Steuern und Abschreibungen (in Tausenden CZK) EBT Gewinn vor der Besteuerung (in Tausenden CZK) 2017 132 795 &nbsp; &nbsp; &nbsp; 2018 155 213 +14,5 % 34 427 14 300 2019 180 628 +16,4 % 26 101 3 913 2020 198 893 [&hellip;]<\/p>\n","protected":false},"author":1,"featured_media":97,"parent":173,"menu_order":0,"comment_status":"closed","ping_status":"closed","template":"economic-results.php","meta":{"footnotes":""},"class_list":["post-235","page","type-page","status-publish","has-post-thumbnail","hentry"],"_links":{"self":[{"href":"https:\/\/www.zoner.eu\/de\/wp-json\/wp\/v2\/pages\/235","targetHints":{"allow":["GET"]}}],"collection":[{"href":"https:\/\/www.zoner.eu\/de\/wp-json\/wp\/v2\/pages"}],"about":[{"href":"https:\/\/www.zoner.eu\/de\/wp-json\/wp\/v2\/types\/page"}],"author":[{"embeddable":true,"href":"https:\/\/www.zoner.eu\/de\/wp-json\/wp\/v2\/users\/1"}],"replies":[{"embeddable":true,"href":"https:\/\/www.zoner.eu\/de\/wp-json\/wp\/v2\/comments?post=235"}],"version-history":[{"count":25,"href":"https:\/\/www.zoner.eu\/de\/wp-json\/wp\/v2\/pages\/235\/revisions"}],"predecessor-version":[{"id":2190,"href":"https:\/\/www.zoner.eu\/de\/wp-json\/wp\/v2\/pages\/235\/revisions\/2190"}],"up":[{"embeddable":true,"href":"https:\/\/www.zoner.eu\/de\/wp-json\/wp\/v2\/pages\/173"}],"wp:featuredmedia":[{"embeddable":true,"href":"https:\/\/www.zoner.eu\/de\/wp-json\/wp\/v2\/media\/97"}],"wp:attachment":[{"href":"https:\/\/www.zoner.eu\/de\/wp-json\/wp\/v2\/media?parent=235"}],"curies":[{"name":"wp","href":"https:\/\/api.w.org\/{rel}","templated":true}]}}