{"id":1391,"date":"2018-06-07T13:46:22","date_gmt":"2018-06-07T11:46:22","guid":{"rendered":"http:\/\/www.zonereu.testwebu.com\/?page_id=1391"},"modified":"2025-12-19T21:00:26","modified_gmt":"2025-12-19T12:00:26","slug":"technical-aspects-of-personal-data-protection-with-zoner-software-a-s","status":"publish","type":"page","link":"https:\/\/www.zoner.eu\/jp\/privacy-policy\/technical-aspects-of-personal-data-protection-with-zoner-software-a-s","title":{"rendered":"ZONER \u30bd\u30d5\u30c8\u30a6\u30a7\u30a2\u306b\u3088\u308b\u500b\u4eba\u30c7\u30fc\u30bf\u4fdd\u8b77\u306e\u6280\u8853\u7684\u5074\u9762"},"content":{"rendered":"<strong>Tento dokument shrnuje technick\u00e9 zaji\u0161t\u011bn\u00ed bezpe\u010dnosti osobn\u00edch \u00fadaj\u016f a ochranu pr\u00e1v subjekt\u016f \u00fadaj\u016f v datacentrech ZONER Software, a.s.<\/strong>\r\n\r\nV\u0161echna datov\u00e1 centra vyu\u017e\u00edvan\u00e1 spole\u010dnost\u00ed Zoner maj\u00ed fyzick\u00fd p\u0159\u00edstup kontrolovan\u00fd \u010dipovou kartou. Objekty jsou st\u0159e\u017een\u00e9 ostrahou v re\u017eimu 24\/7 a osoby vstupuj\u00edc\u00ed do objekt\u016f datacenter jsou evidov\u00e1ny na recepc\u00edch. \u010cipov\u00e9 karty nejsou vyd\u00e1v\u00e1ny osob\u00e1m t\u0159et\u00edch stran, p\u0159\u00edstup a manipulace s technick\u00fdm vybaven\u00edm prob\u00edh\u00e1 v\u00fdhradn\u011b pod dohledem pov\u011b\u0159en\u00e9ho pracovn\u00edka spole\u010dnosti Zoner.\r\n\r\nPrim\u00e1rn\u00ed datov\u00e1 centra (Brno Tra\u0165ov\u00e1, Brno Nov\u00e9 sady) i sekund\u00e1rn\u00ed datov\u00e9 centrum (Brno Kovoterm) jsou kruhov\u011b propojena optick\u00fdm vl\u00e1knem, kter\u00e9 je ve v\u00fdhradn\u00edm pron\u00e1jmu spole\u010dnost\u00ed Zoner. Intern\u00ed provoz mezi datov\u00fdmi centry je tedy chr\u00e1n\u011bn proti \u00faniku dat fyzick\u00fdm odd\u011blen\u00edm od vn\u011bj\u0161\u00edch s\u00edt\u00ed.\r\n\r\nClusterov\u00e1 infrastruktura pou\u017e\u00edvan\u00e1 pro cloudov\u00e9 i webhostingov\u00e9 slu\u017eby je postavena v\u00fdhradn\u011b na \u0161pi\u010dkov\u00fdch platform\u00e1ch VMware vSphere a Microsoft Hyper-V. Tyto platformy zaji\u0161\u0165uj\u00ed nejvy\u0161\u0161\u00ed mo\u017enou bezpe\u010dnost virtu\u00e1ln\u00edch server\u016f, kter\u00e1 je dostupn\u00e1 na trhu virtualiza\u010dn\u00edch \u0159e\u0161en\u00ed. S\u00ed\u0165ov\u00fd provoz je rozd\u011blen z d\u016fvodu bezpe\u010dnosti a ochrany p\u0159en\u00e1\u0161en\u00fdch dat na nez\u00e1visl\u00e9 logick\u00e9 s\u00edt\u011b (VLAN). Logick\u00fdmi s\u00edt\u011bmi je odd\u011blen\u00e9 i \u0159\u00edzen\u00ed cel\u00e9 infrastruktury od datov\u00e9ho provozu z\u00e1kazn\u00edk\u016f. Data virtu\u00e1ln\u00edch server\u016f jsou ulo\u017eena na n\u011bkolika centr\u00e1ln\u00edch s\u00ed\u0165ov\u00fdch \u00falo\u017ei\u0161t\u00edch typu SAN (Storage Area Network). S\u00ed\u0165 SAN je na fyzick\u00e9 \u00farovni odd\u011blen\u00e1 od ostatn\u00edch s\u00edt\u00ed a data jsou tak zcela nep\u0159\u00edstupn\u00e1 z vn\u011bj\u0161\u00edho s\u00ed\u0165ov\u00e9ho prost\u0159ed\u00ed.\r\n\r\nZ\u00e1lohov\u00e1n\u00ed dat virtu\u00e1ln\u00edch server\u016f prob\u00edh\u00e1 p\u0159es nez\u00e1vislou SAN s\u00ed\u0165 nebo p\u0159es dedikovanou odd\u011blenou VLAN. P\u0159enos z\u00e1loh do sekund\u00e1rn\u00ed lokality je prov\u00e1d\u011bn p\u0159es v\u00fd\u0161e uveden\u00fd optick\u00fd propoj. Pro dal\u0161\u00ed pos\u00edlen\u00ed ochrany dat na platform\u00e1ch Linux a VMware jsou z\u00e1lohy p\u0159en\u00e1\u0161eny \u0161ifrovan\u011b a z\u00e1lohovac\u00ed software k server\u016fm p\u0159istupuje prost\u0159ednictv\u00edm mechanismu autentizace priv\u00e1tn\u00edm kl\u00ed\u010dem. P\u0159\u00edstup k z\u00e1lohovac\u00edm server\u016fm a z\u00e1loh\u00e1m maj\u00ed v\u00fdhradn\u011b pov\u011b\u0159en\u00ed pracovn\u00edci firmy Zoner software. Z\u00e1lohovan\u00e1 data nejsou p\u0159en\u00e1\u0161ena nikam mimo uveden\u00e1 datacentra.\r\n\r\nV p\u0159\u00edpad\u011b ukon\u010den\u00ed slu\u017eby \u010di virtu\u00e1ln\u00edho serveru jsou v\u0161echna data v souladu se z\u00e1konn\u00fdmi po\u017eadavky a lh\u016ftami smaz\u00e1na z datov\u00e9ho \u00falo\u017ei\u0161t\u011b a z\u00e1lohova\u010d\u016f. P\u0159i v\u00fdm\u011bn\u011b disk\u016f nebo likvidaci vy\u0159azen\u00e9ho hardwaru jsou v\u0161echny disky prov\u011b\u0159eny a promaz\u00e1ny pov\u011b\u0159en\u00fdm pracovn\u00edkem.\r\n\r\nZ v\u00fd\u0161e uveden\u00e9ho je pr\u016fkazn\u00e9, \u017ee\u00a0<strong>ZONER software, a.s. je zpracovatel poskytuj\u00edc\u00ed dostate\u010dn\u00e9 z\u00e1ruky zaveden\u00edm vhodn\u00fdch technick\u00fdch a organiza\u010dn\u00edch opat\u0159en\u00ed tak, aby dan\u00e9 zpracov\u00e1n\u00ed spl\u0148ovalo po\u017eadavky obecn\u00e9ho na\u0159\u00edzen\u00ed EU o ochran\u011b osobn\u00edch \u00fadaj\u016f 2016\/679 zn\u00e1m\u00e9ho jako GDPR<\/strong>\u00a0a aby byla zaji\u0161t\u011bna ochrana pr\u00e1v subjektu \u00fadaj\u016f. Spr\u00e1vce, kter\u00fd si zvolil ZONER software, a.s. jako zpracovatele, splnil tuto povinnost uvedenou v \u010dl\u00e1nku 27 odst. 1 obecn\u00e9ho na\u0159\u00edzen\u00ed EU o ochran\u011b osobn\u00edch \u00fadaj\u016f 2016\/679.\r\n\r\n<strong>Tento dokument je \u00fa\u010dinn\u00fd od 25.5.2018<\/strong>\r\n\r\n<em>Posledn\u00ed aktualizace: 23.3.2018<\/em>","protected":false},"excerpt":{"rendered":"<p>Tento dokument shrnuje technick\u00e9 zaji\u0161t\u011bn\u00ed bezpe\u010dnosti osobn\u00edch \u00fadaj\u016f a ochranu pr\u00e1v subjekt\u016f \u00fadaj\u016f v datacent [&hellip;]<\/p>\n","protected":false},"author":1,"featured_media":66,"parent":1381,"menu_order":0,"comment_status":"closed","ping_status":"closed","template":"","meta":{"footnotes":""},"class_list":["post-1391","page","type-page","status-publish","has-post-thumbnail","hentry"],"_links":{"self":[{"href":"https:\/\/www.zoner.eu\/jp\/wp-json\/wp\/v2\/pages\/1391","targetHints":{"allow":["GET"]}}],"collection":[{"href":"https:\/\/www.zoner.eu\/jp\/wp-json\/wp\/v2\/pages"}],"about":[{"href":"https:\/\/www.zoner.eu\/jp\/wp-json\/wp\/v2\/types\/page"}],"author":[{"embeddable":true,"href":"https:\/\/www.zoner.eu\/jp\/wp-json\/wp\/v2\/users\/1"}],"replies":[{"embeddable":true,"href":"https:\/\/www.zoner.eu\/jp\/wp-json\/wp\/v2\/comments?post=1391"}],"version-history":[{"count":3,"href":"https:\/\/www.zoner.eu\/jp\/wp-json\/wp\/v2\/pages\/1391\/revisions"}],"predecessor-version":[{"id":2148,"href":"https:\/\/www.zoner.eu\/jp\/wp-json\/wp\/v2\/pages\/1391\/revisions\/2148"}],"up":[{"embeddable":true,"href":"https:\/\/www.zoner.eu\/jp\/wp-json\/wp\/v2\/pages\/1381"}],"wp:featuredmedia":[{"embeddable":true,"href":"https:\/\/www.zoner.eu\/jp\/wp-json\/wp\/v2\/media\/66"}],"wp:attachment":[{"href":"https:\/\/www.zoner.eu\/jp\/wp-json\/wp\/v2\/media?parent=1391"}],"curies":[{"name":"wp","href":"https:\/\/api.w.org\/{rel}","templated":true}]}}