{"id":1381,"date":"2018-06-07T13:29:31","date_gmt":"2018-06-07T11:29:31","guid":{"rendered":"http:\/\/www.zoner.eu\/?page_id=1381"},"modified":"2026-01-20T18:20:07","modified_gmt":"2026-01-20T17:20:07","slug":"ochrana-sukromia","status":"publish","type":"page","link":"https:\/\/www.zoner.eu\/sk\/ochrana-sukromia\/","title":{"rendered":"Ochrana s\u00fakromia"},"content":{"rendered":"<P> Spolo\u010dnos\u0165 ZONER software a.s. prehlasuje, \u017ee <strong> spracovanie osobn\u00fdch \u00fadajov prebieha v s\u00falade s ustanoveniami z\u00e1kona \u010d. 101\/2000 Zb. o ochrane osobn\u00fdch \u00fadajov a od za\u010diatku jeho \u00fa\u010dinnosti 25. 5. 2018 aj v s\u00falade so v\u0161eobecn\u00fdm nariaden\u00edm E\u00da o ochrane osobn\u00fdch \u00fadajov 2016\/679 zn\u00e1mym ako GDPR <\/strong> (\u010falej ako Nariadenie). Pre kompletn\u00e9 inform\u00e1cie o spracovan\u00ed osobn\u00fdch \u00fadajov spolo\u010dnos\u0165ou Zoner software nav\u0161t\u00edvte dokumenty uveden\u00e9 ni\u017e\u0161ie. <\/P>\r\n<P> V s\u00favislosti s \u00fa\u010dinnos\u0165ou nariadenia GDPR sme zverejnili nasleduj\u00face dokumenty sl\u00fa\u017eiace pre transparentn\u00e9 zozn\u00e1menie na\u0161ich z\u00e1kazn\u00edkov s princ\u00edpmi a z\u00e1sadami ochrany osobn\u00fdch \u00fadajov, na z\u00e1klade ktor\u00fdch si spr\u00e1vcovi osobn\u00fdch \u00fadajov vyberaj\u00fa svoje spracovate\u013ea vyhovuj\u00faci \u010dl\u00e1nku 27 ods. 1 Nariadenie. <\/P>\r\n<Ul>\r\n<Li> <a href=\"https:\/\/www.zoner.eu\/sk\/ochrana-sukromia\/zasady-pre-ochranu-osobnych-udajov-v-spolocnosti-zoner-s-r-o\/\"> Z\u00e1sady pre ochranu osobn\u00fdch \u00fadajov vo spolo\u010dnosti ZONER software, a.s.<\/a> <\/li>\r\n<Li> <a href=\"https:\/\/www.zoner.eu\/sk\/ochrana-sukromia\/technicke-aspekty-zabezpecenia-osobnych-udajov-u-spracovatela-zoner-s-r-o\/\"> Technick\u00e9 aspekty GDPR v ZONER software, a.s. <\/a> <\/li>\r\n<Li> <a href=\"https:\/\/www.zoner.eu\/sk\/ochrana-sukromia\/zmluvne-podmienky\/\"> Nov\u00e9 zmluvn\u00e9 podmienky spolo\u010dnosti ZONER Software, a.s. platn\u00e9 od 25.5.2018 <\/a> <\/li>\r\n<Li> <a href=\"https:\/\/www.zoner.eu\/wp-content\/uploads\/2018\/06\/uoou-registrace.pdf\"> Osved\u010denie o registr\u00e1cii na \u00daOO\u00da (spracovanie osobn\u00fdch \u00fadajov) <\/a> <\/li>\r\n<Li> <a href=\"https:\/\/www.zoner.eu\/wp-content\/uploads\/2018\/06\/uoou-osvedceni-o-zmene.pdf\"> Osved\u010denie o vykonanie zmeny registr\u00e1cie u \u00daOO\u00da na akciov\u00fa spolo\u010dnos\u0165 <\/a> <\/li>\r\n<\/Ul>\r\n<P> Kompletn\u00e9 znenie NARIADENIE EUR\u00d3PSKEHO PARLAMENTU A RADY (E\u00da) 2016\/679 z 27. apr\u00edla 2016 o ochrane fyzick\u00fdch os\u00f4b pri spracovan\u00ed osobn\u00fdch \u00fadajov a vo\u013enom pohybe t\u00fdchto \u00fadajov a o zru\u0161en\u00ed smernice 95\/46 \/ ES (v\u0161eobecn\u00e9 nariadenie o ochrane osobn\u00fdch \u00fadajov) je dostupn\u00e9 v <a href=\"https:\/\/eur-lex.europa.eu\/legal-content\/CS\/TXT\/HTML\/?uri=CELEX:32016R0679&amp;from=sk\" target=\"_ blank\" rel=\"noopener\"> \u00daradnom vestn\u00edku Eur\u00f3pskej \u00fanie <\/a>. <\/p>\r\n<H2> Spracovate\u013esk\u00e1 zmluva <\/h2>\r\n<P> Spracovate\u013esk\u00e1 zmluva medzi spr\u00e1vcom a spracovate\u013eom osobn\u00fdch \u00fadajov je predpokladom pre z\u00e1konn\u00e9 spracovanie osobn\u00fdch \u00fadajov, ktor\u00e9 na na\u0161e servery uklad\u00e1te. Zmluva obsahuje predmet a trvanie spracovania, povahu a \u00fa\u010del spracovania, typ osobn\u00fdch \u00fadajov a kateg\u00f3rie dotknut\u00fdch os\u00f4b, povinnosti a pr\u00e1va spr\u00e1vcu (teda z\u00e1kazn\u00edka). Povinnos\u0165ou spr\u00e1vcu je zhodnoti\u0165 jej potrebu a pr\u00edpadne ju so spracovate\u013eom (teda nami) uzavrie\u0165. <\/P>\r\n<P> Krit\u00e9riom pre uzavretie spracovate\u013esk\u00e9 zmluvy je spracovanie \u00fadajov na s\u00fakromn\u00e9 \u200b\u200b\u00fa\u010dely. Ak ste fyzick\u00e1 osoba a osobn\u00e9 \u00fadaje spracov\u00e1vate na s\u00fakromn\u00e9 \u200b\u200b\u00fa\u010dely, tak spracovate\u013esk\u00fa zmluvu nepotrebujete. Predpisy upravuj\u00face ochranu osobn\u00fdch \u00fadajov sa net\u00fdkaj\u00fa situ\u00e1ci\u00ed, ke\u010f fyzick\u00e1 osoba manipuluje s osobn\u00fdmi \u00fadajmi pre osobn\u00e9 \u010di dom\u00e1ce \u010dinnosti. <\/P>\r\n<P> Spracovate\u013esk\u00e9 zmluvu so ZONER software, a.s. m\u00e1te mo\u017enos\u0165 uzavrie\u0165 v Centre administr\u00e1cie (<a href=\"https:\/\/admin.slovaknet.sk\"> admin.slovaknet.sk <\/a>) v elektronickej podobe. <\/p>\r\n<H2> Uplatnenie pr\u00e1v subjektov <\/h2>\r\n<P> V pr\u00edpade potreby uplatnenie pr\u00e1v subjektu \u00fadajov sa obr\u00e1\u0165te na e-mail <a href=\"mailto:info@zoner.cz\"> info@zoner.cz <\/a> \u010di in\u00e9 na\u0161e kontakty z\u00e1kazn\u00edckej podpory. <\/P>\r\n<P> <em> Posledn\u00e1 aktualiz\u00e1cia: 23.3.2018 <\/em> <\/p>","protected":false},"excerpt":{"rendered":"<p>Spolo\u010dnos\u0165 ZONER software a.s. prehlasuje, \u017ee spracovanie osobn\u00fdch \u00fadajov prebieha v s\u00falade s ustanoveniami z\u00e1kona \u010d. 101\/2000 Zb. o ochrane osobn\u00fdch \u00fadajov a od za\u010diatku jeho \u00fa\u010dinnosti 25. 5. 2018 aj v s\u00falade so v\u0161eobecn\u00fdm nariaden\u00edm E\u00da o ochrane osobn\u00fdch \u00fadajov 2016\/679 zn\u00e1mym ako GDPR (\u010falej ako Nariadenie). Pre kompletn\u00e9 inform\u00e1cie o spracovan\u00ed osobn\u00fdch \u00fadajov [&hellip;]<\/p>\n","protected":false},"author":1,"featured_media":66,"parent":0,"menu_order":0,"comment_status":"closed","ping_status":"closed","template":"","meta":{"footnotes":""},"class_list":["post-1381","page","type-page","status-publish","has-post-thumbnail","hentry"],"_links":{"self":[{"href":"https:\/\/www.zoner.eu\/sk\/wp-json\/wp\/v2\/pages\/1381","targetHints":{"allow":["GET"]}}],"collection":[{"href":"https:\/\/www.zoner.eu\/sk\/wp-json\/wp\/v2\/pages"}],"about":[{"href":"https:\/\/www.zoner.eu\/sk\/wp-json\/wp\/v2\/types\/page"}],"author":[{"embeddable":true,"href":"https:\/\/www.zoner.eu\/sk\/wp-json\/wp\/v2\/users\/1"}],"replies":[{"embeddable":true,"href":"https:\/\/www.zoner.eu\/sk\/wp-json\/wp\/v2\/comments?post=1381"}],"version-history":[{"count":4,"href":"https:\/\/www.zoner.eu\/sk\/wp-json\/wp\/v2\/pages\/1381\/revisions"}],"predecessor-version":[{"id":2151,"href":"https:\/\/www.zoner.eu\/sk\/wp-json\/wp\/v2\/pages\/1381\/revisions\/2151"}],"wp:featuredmedia":[{"embeddable":true,"href":"https:\/\/www.zoner.eu\/sk\/wp-json\/wp\/v2\/media\/66"}],"wp:attachment":[{"href":"https:\/\/www.zoner.eu\/sk\/wp-json\/wp\/v2\/media?parent=1381"}],"curies":[{"name":"wp","href":"https:\/\/api.w.org\/{rel}","templated":true}]}}