{"id":140,"date":"2018-05-14T08:14:41","date_gmt":"2018-05-14T06:14:41","guid":{"rendered":"http:\/\/www.zoner.eu\/?page_id=140"},"modified":"2025-12-19T12:44:06","modified_gmt":"2025-12-19T11:44:06","slug":"internetove-sluzby","status":"publish","type":"page","link":"https:\/\/www.zoner.eu\/sk\/internetove-sluzby\/","title":{"rendered":"Internetov\u00e9 slu\u017eby"},"content":{"rendered":"<p>Hist\u00f3ria Internetov\u00fdch slu\u017eieb za\u010dala v roku 1996 s projektom CZECHIA.COM. <strong> CZECHIA bola jedn\u00fdm z prv\u00fdch poskytovate\u013eov slu\u017eieb webhostingu a registr\u00e1ci\u00ed dom\u00e9n v \u010ceskej republike <\/strong>.<\/p>\r\n<p><strong> P\u00f4vodn\u00fdm poslan\u00edm Czechia bolo umo\u017eni\u0165 \u010desk\u00fdm firm\u00e1m on-line prezent\u00e1ciu na zahrani\u010dn\u00e9 trhoch <\/strong>. I\u0161lo predov\u0161etk\u00fdm o USA, kde boli umiestnen\u00e9 na\u0161e prv\u00e9 servery zais\u0165uj\u00face prev\u00e1dzku webov\u00fdch dom\u00e9n. O rok nesk\u00f4r sme za\u010dali pon\u00faka\u0165 profesion\u00e1lne webhostingov\u00e9 slu\u017eby aj na serveroch v \u010ceskej republike a prispeli tak k rozvoju internetov\u00fdch slu\u017eieb v na\u0161ej krajine. V roku 2001 sme ako prv\u00fd \u0161pecializovan\u00fd webhostingov\u00fd poskytovate\u013e zriadili vlastn\u00e9 d\u00e1tov\u00e9 centrum. Od roku 2003 sme sa stali akreditovan\u00fdm registr\u00e1torom dom\u00e9nov\u00fdch mien CZ, dva roky nesk\u00f4r tie\u017e E\u00da a SK.<\/p>\r\n<p><strong> V s\u00fa\u010dasnej dobe Internetov\u00e9 oddelenie pon\u00faka \u0161irok\u00e9 spektrum produktov, ktor\u00e9 komplexne napom\u00e1haj\u00fa, ako firm\u00e1m, tak aj jednotlivcom v \u00faspe\u0161nej prezent\u00e1cii na internete <\/strong>. Ved\u013ea registr\u00e1cie a\u017e 600 TLD dom\u00e9n a slu\u017eieb webhostingu, poskytujeme e-shopovej rie\u0161enie &#8211; <a href=\"https:\/\/www.inshop.sk\"> inShop <\/a>, syst\u00e9m pre r\u00fdchle vytvorenie webov\u00fdch str\u00e1nok &#8211; <a href=\"https:\/\/www.inpage.sk\"> inPage <\/a> a cloudov\u00e9 slu\u017eby &#8211; <a href=\"https:\/\/www.zonercloud.sk\"> ZonerCloud <\/a>.<\/p>\r\n<p>Spoliehaj\u00fa na n\u00e1s st\u00e1tis\u00edce z\u00e1kazn\u00edkov, ktor\u00ed oce\u0148uj\u00fa vysok\u00fa dostupnos\u0165 na\u0161ich slu\u017eieb a profesion\u00e1lny t\u00edm z\u00e1kazn\u00edckej podpory s individu\u00e1lnym pr\u00edstupom. V\u010faka tomu patr\u00edme k popredn\u00fdm poskytovate\u013eom internetov\u00fdch slu\u017eieb v \u010ceskej i slovensk\u00e9 republike.<\/p>","protected":false},"excerpt":{"rendered":"<p>Hist\u00f3ria Internetov\u00fdch slu\u017eieb za\u010dala v roku 1996 s projektom CZECHIA.COM. CZECHIA bola jedn\u00fdm z prv\u00fdch poskytovate\u013eov slu\u017eieb webhostingu a registr\u00e1ci\u00ed dom\u00e9n v \u010ceskej republike . P\u00f4vodn\u00fdm poslan\u00edm Czechia bolo umo\u017eni\u0165 \u010desk\u00fdm firm\u00e1m on-line prezent\u00e1ciu na zahrani\u010dn\u00e9 trhoch . I\u0161lo predov\u0161etk\u00fdm o USA, kde boli umiestnen\u00e9 na\u0161e prv\u00e9 servery zais\u0165uj\u00face prev\u00e1dzku webov\u00fdch dom\u00e9n. O rok nesk\u00f4r [&hellip;]<\/p>\n","protected":false},"author":1,"featured_media":66,"parent":0,"menu_order":0,"comment_status":"closed","ping_status":"closed","template":"division.php","meta":{"footnotes":""},"class_list":["post-140","page","type-page","status-publish","has-post-thumbnail","hentry"],"_links":{"self":[{"href":"https:\/\/www.zoner.eu\/sk\/wp-json\/wp\/v2\/pages\/140","targetHints":{"allow":["GET"]}}],"collection":[{"href":"https:\/\/www.zoner.eu\/sk\/wp-json\/wp\/v2\/pages"}],"about":[{"href":"https:\/\/www.zoner.eu\/sk\/wp-json\/wp\/v2\/types\/page"}],"author":[{"embeddable":true,"href":"https:\/\/www.zoner.eu\/sk\/wp-json\/wp\/v2\/users\/1"}],"replies":[{"embeddable":true,"href":"https:\/\/www.zoner.eu\/sk\/wp-json\/wp\/v2\/comments?post=140"}],"version-history":[{"count":3,"href":"https:\/\/www.zoner.eu\/sk\/wp-json\/wp\/v2\/pages\/140\/revisions"}],"predecessor-version":[{"id":1588,"href":"https:\/\/www.zoner.eu\/sk\/wp-json\/wp\/v2\/pages\/140\/revisions\/1588"}],"wp:featuredmedia":[{"embeddable":true,"href":"https:\/\/www.zoner.eu\/sk\/wp-json\/wp\/v2\/media\/66"}],"wp:attachment":[{"href":"https:\/\/www.zoner.eu\/sk\/wp-json\/wp\/v2\/media?parent=140"}],"curies":[{"name":"wp","href":"https:\/\/api.w.org\/{rel}","templated":true}]}}