{"id":153,"date":"2018-05-14T09:07:46","date_gmt":"2018-05-14T07:07:46","guid":{"rendered":"http:\/\/www.zoner.eu\/?page_id=153"},"modified":"2025-12-19T12:51:24","modified_gmt":"2025-12-19T11:51:24","slug":"online-bezpecnost","status":"publish","type":"page","link":"https:\/\/www.zoner.eu\/sk\/online-bezpecnost\/","title":{"rendered":"On-line bezpe\u010dnost"},"content":{"rendered":"<p>Bezpe\u010dnos\u0165 prenosu d\u00e1t sa t\u00fdka v\u0161etk\u00fdch u\u017e\u00edvate\u013eov internetu. Spolo\u010dnos\u0165 ZONER, software a.s. si uvedomuje d\u00f4le\u017eitos\u0165 zabezpe\u010denia d\u00e1t na internete a pon\u00faka svojim z\u00e1kazn\u00edkom bezpe\u010dn\u00fd webhosting, e-mail a \u010fal\u0161ie produkty zais\u0165uj\u00face bezpe\u010dnos\u0165 na internete, ako s\u00fa SSL\/TLS certifik\u00e1ty alebo antiv\u00edrusov\u00e1 ochrana. Z\u00e1kazn\u00edci webhostingu SlovakNET.sk m\u00f4\u017eu zadarmo vyu\u017e\u00edva\u0165 kompletn\u00e9 zabezpe\u010denie prenosov\u00fdch kan\u00e1lov v internete.<\/p>\r\n<p>Spolo\u010dnos\u0165 ZONER,\u00a0software a.s. je najv\u00e4\u010d\u0161\u00ed vydavate\u013e certifik\u00e1tov v strednej Eur\u00f3pe a pred\u00e1va v\u00fdhradne produkty plne d\u00f4veryhodn\u00fdch a najzn\u00e1mej\u0161\u00edch certifika\u010dn\u00fdch autor\u00edt DigiCert \/ Symantec. V\u010faka rozsahu a kvalite na\u0161ich slu\u017eieb sa m\u00f4\u017eeme pochv\u00e1li\u0165 najvy\u0161\u0161\u00edm stup\u0148om partnerstvo DigiCert Certified Partner Platinum Elite.<\/p>","protected":false},"excerpt":{"rendered":"<p>Bezpe\u010dnos\u0165 prenosu d\u00e1t sa t\u00fdka v\u0161etk\u00fdch u\u017e\u00edvate\u013eov internetu. Spolo\u010dnos\u0165 ZONER, software a.s. si uvedomuje d\u00f4le\u017eitos\u0165 zabezpe\u010denia d\u00e1t na internete a pon\u00faka svojim z\u00e1kazn\u00edkom bezpe\u010dn\u00fd webhosting, e-mail a \u010fal\u0161ie produkty zais\u0165uj\u00face bezpe\u010dnos\u0165 na internete, ako s\u00fa SSL\/TLS certifik\u00e1ty alebo antiv\u00edrusov\u00e1 ochrana. Z\u00e1kazn\u00edci webhostingu SlovakNET.sk m\u00f4\u017eu zadarmo vyu\u017e\u00edva\u0165 kompletn\u00e9 zabezpe\u010denie prenosov\u00fdch kan\u00e1lov v internete. Spolo\u010dnos\u0165 ZONER,\u00a0software a.s. [&hellip;]<\/p>\n","protected":false},"author":1,"featured_media":66,"parent":0,"menu_order":0,"comment_status":"closed","ping_status":"closed","template":"division.php","meta":{"footnotes":""},"class_list":["post-153","page","type-page","status-publish","has-post-thumbnail","hentry"],"_links":{"self":[{"href":"https:\/\/www.zoner.eu\/sk\/wp-json\/wp\/v2\/pages\/153","targetHints":{"allow":["GET"]}}],"collection":[{"href":"https:\/\/www.zoner.eu\/sk\/wp-json\/wp\/v2\/pages"}],"about":[{"href":"https:\/\/www.zoner.eu\/sk\/wp-json\/wp\/v2\/types\/page"}],"author":[{"embeddable":true,"href":"https:\/\/www.zoner.eu\/sk\/wp-json\/wp\/v2\/users\/1"}],"replies":[{"embeddable":true,"href":"https:\/\/www.zoner.eu\/sk\/wp-json\/wp\/v2\/comments?post=153"}],"version-history":[{"count":2,"href":"https:\/\/www.zoner.eu\/sk\/wp-json\/wp\/v2\/pages\/153\/revisions"}],"predecessor-version":[{"id":1594,"href":"https:\/\/www.zoner.eu\/sk\/wp-json\/wp\/v2\/pages\/153\/revisions\/1594"}],"wp:featuredmedia":[{"embeddable":true,"href":"https:\/\/www.zoner.eu\/sk\/wp-json\/wp\/v2\/media\/66"}],"wp:attachment":[{"href":"https:\/\/www.zoner.eu\/sk\/wp-json\/wp\/v2\/media?parent=153"}],"curies":[{"name":"wp","href":"https:\/\/api.w.org\/{rel}","templated":true}]}}