{"id":171,"date":"2018-05-15T08:40:32","date_gmt":"2018-05-15T06:40:32","guid":{"rendered":"http:\/\/www.zoner.eu\/?page_id=171"},"modified":"2025-12-19T12:48:09","modified_gmt":"2025-12-19T11:48:09","slug":"volne-miesta","status":"publish","type":"page","link":"https:\/\/www.zoner.eu\/sk\/o-spolocnosti\/volne-miesta\/","title":{"rendered":"Vo\u013en\u00e9 miesta"},"content":{"rendered":"<p>V tejto chv\u00edli nie s\u00fa vyp\u00edsan\u00e9 \u017eiadne vo\u013en\u00e9 poz\u00edcie.<\/p>\r\n<p>&nbsp;<\/p>\r\n<p>&nbsp;<\/p>\r\n<p>&nbsp;<\/p>\r\n<p>&nbsp;<\/p>\r\n<p>&nbsp;<\/p>\r\n<p>&nbsp;<\/p>\r\n<p>&nbsp;<\/p>","protected":false},"excerpt":{"rendered":"<p>V tejto chv\u00edli nie s\u00fa vyp\u00edsan\u00e9 \u017eiadne vo\u013en\u00e9 poz\u00edcie. &nbsp; &nbsp; &nbsp; &nbsp; &nbsp; &nbsp; &nbsp;<\/p>\n","protected":false},"author":1,"featured_media":97,"parent":173,"menu_order":0,"comment_status":"closed","ping_status":"closed","template":"jobs.php","meta":{"footnotes":""},"class_list":["post-171","page","type-page","status-publish","has-post-thumbnail","hentry"],"_links":{"self":[{"href":"https:\/\/www.zoner.eu\/sk\/wp-json\/wp\/v2\/pages\/171","targetHints":{"allow":["GET"]}}],"collection":[{"href":"https:\/\/www.zoner.eu\/sk\/wp-json\/wp\/v2\/pages"}],"about":[{"href":"https:\/\/www.zoner.eu\/sk\/wp-json\/wp\/v2\/types\/page"}],"author":[{"embeddable":true,"href":"https:\/\/www.zoner.eu\/sk\/wp-json\/wp\/v2\/users\/1"}],"replies":[{"embeddable":true,"href":"https:\/\/www.zoner.eu\/sk\/wp-json\/wp\/v2\/comments?post=171"}],"version-history":[{"count":6,"href":"https:\/\/www.zoner.eu\/sk\/wp-json\/wp\/v2\/pages\/171\/revisions"}],"predecessor-version":[{"id":1619,"href":"https:\/\/www.zoner.eu\/sk\/wp-json\/wp\/v2\/pages\/171\/revisions\/1619"}],"up":[{"embeddable":true,"href":"https:\/\/www.zoner.eu\/sk\/wp-json\/wp\/v2\/pages\/173"}],"wp:featuredmedia":[{"embeddable":true,"href":"https:\/\/www.zoner.eu\/sk\/wp-json\/wp\/v2\/media\/97"}],"wp:attachment":[{"href":"https:\/\/www.zoner.eu\/sk\/wp-json\/wp\/v2\/media?parent=171"}],"curies":[{"name":"wp","href":"https:\/\/api.w.org\/{rel}","templated":true}]}}