{"id":173,"date":"2018-05-16T07:32:19","date_gmt":"2018-05-16T05:32:19","guid":{"rendered":"http:\/\/www.zoner.eu\/?page_id=173"},"modified":"2025-12-19T12:44:58","modified_gmt":"2025-12-19T11:44:58","slug":"o-spolocnosti","status":"publish","type":"page","link":"https:\/\/www.zoner.eu\/sk\/o-spolocnosti\/","title":{"rendered":"O spolo\u010dnosti"},"content":{"rendered":"<p>ZONER a.s. je eur\u00f3pska spolo\u010dnos\u0165 s hlavn\u00fdm s\u00eddlom v Brne a s pobo\u010dkami na Slovensku, v Ma\u010farsku, Japonsku a USA, ktor\u00e1 sa zaober\u00e1 v\u00fdvojom a distrib\u00faciou software, s\u00fa\u010dasne tie\u017e popredn\u00fd poskytovate\u013e internetov\u00fdch slu\u017eieb s\u00favisiacich s prezent\u00e1ciou na internete a e-commerce. Firma je rozdelen\u00e1 na \u0161tyri oddelenia (fotografick\u00fd softv\u00e9r, internetov\u00e9 slu\u017eby, on-line bezpe\u010dnos\u0165 a vydavate\u013estvo), kde ka\u017ed\u00e9 m\u00e1 svojho riadite\u013ea a celok riadi jedin\u00fd predseda predstavenstva. V ZONER a.s. pracuje vy\u0161e 100 zamestnancov.<\/p>\r\n<div class='row'><br \/>\r\n<div class='col-12 col-md-6'><br \/>\r\n<img loading=\"lazy\" decoding=\"async\" class=\"alignnone wp-image-1463 size-medium\" src=\"https:\/\/www.zoner.eu\/wp-content\/uploads\/2018\/06\/IMG_9166-700x466.jpg\" alt=\"\" width=\"700\" height=\"466\" srcset=\"https:\/\/www.zoner.eu\/sk\/files\/2018\/06\/IMG_9166-700x466.jpg 700w, https:\/\/www.zoner.eu\/sk\/files\/2018\/06\/IMG_9166-768x512.jpg 768w, https:\/\/www.zoner.eu\/sk\/files\/2018\/06\/IMG_9166-1024x682.jpg 1024w\" sizes=\"auto, (max-width: 700px) 100vw, 700px\" \/><br \/>\r\n<\/div><br \/>\r\n<div class='col-12 col-md-6'><br \/>\r\n<img loading=\"lazy\" decoding=\"async\" class=\"alignnone wp-image-1464 size-medium\" src=\"https:\/\/www.zoner.eu\/wp-content\/uploads\/2018\/06\/IMG_9190-700x467.jpg\" alt=\"\" width=\"700\" height=\"467\" srcset=\"https:\/\/www.zoner.eu\/sk\/files\/2018\/06\/IMG_9190-700x467.jpg 700w, https:\/\/www.zoner.eu\/sk\/files\/2018\/06\/IMG_9190-768x512.jpg 768w, https:\/\/www.zoner.eu\/sk\/files\/2018\/06\/IMG_9190-1024x683.jpg 1024w\" sizes=\"auto, (max-width: 700px) 100vw, 700px\" \/><br \/>\r\n<\/div><br \/>\r\n<\/div>","protected":false},"excerpt":{"rendered":"<p>ZONER a.s. je eur\u00f3pska spolo\u010dnos\u0165 s hlavn\u00fdm s\u00eddlom v Brne a s pobo\u010dkami na Slovensku, v Ma\u010farsku, Japonsku a USA, ktor\u00e1 sa zaober\u00e1 v\u00fdvojom a distrib\u00faciou software, s\u00fa\u010dasne tie\u017e popredn\u00fd poskytovate\u013e internetov\u00fdch slu\u017eieb s\u00favisiacich s prezent\u00e1ciou na internete a e-commerce. Firma je rozdelen\u00e1 na \u0161tyri oddelenia (fotografick\u00fd softv\u00e9r, internetov\u00e9 slu\u017eby, on-line bezpe\u010dnos\u0165 a vydavate\u013estvo), kde [&hellip;]<\/p>\n","protected":false},"author":1,"featured_media":23,"parent":0,"menu_order":0,"comment_status":"closed","ping_status":"closed","template":"about.php","meta":{"footnotes":""},"class_list":["post-173","page","type-page","status-publish","has-post-thumbnail","hentry"],"_links":{"self":[{"href":"https:\/\/www.zoner.eu\/sk\/wp-json\/wp\/v2\/pages\/173","targetHints":{"allow":["GET"]}}],"collection":[{"href":"https:\/\/www.zoner.eu\/sk\/wp-json\/wp\/v2\/pages"}],"about":[{"href":"https:\/\/www.zoner.eu\/sk\/wp-json\/wp\/v2\/types\/page"}],"author":[{"embeddable":true,"href":"https:\/\/www.zoner.eu\/sk\/wp-json\/wp\/v2\/users\/1"}],"replies":[{"embeddable":true,"href":"https:\/\/www.zoner.eu\/sk\/wp-json\/wp\/v2\/comments?post=173"}],"version-history":[{"count":5,"href":"https:\/\/www.zoner.eu\/sk\/wp-json\/wp\/v2\/pages\/173\/revisions"}],"predecessor-version":[{"id":2095,"href":"https:\/\/www.zoner.eu\/sk\/wp-json\/wp\/v2\/pages\/173\/revisions\/2095"}],"wp:featuredmedia":[{"embeddable":true,"href":"https:\/\/www.zoner.eu\/sk\/wp-json\/wp\/v2\/media\/23"}],"wp:attachment":[{"href":"https:\/\/www.zoner.eu\/sk\/wp-json\/wp\/v2\/media?parent=173"}],"curies":[{"name":"wp","href":"https:\/\/api.w.org\/{rel}","templated":true}]}}