{"id":235,"date":"2018-05-23T06:09:08","date_gmt":"2018-05-23T04:09:08","guid":{"rendered":"http:\/\/www.zoner.eu\/?page_id=235"},"modified":"2025-12-19T12:46:15","modified_gmt":"2025-12-19T11:46:15","slug":"hospodarske-vysledky","status":"publish","type":"page","link":"https:\/\/www.zoner.eu\/sk\/o-spolocnosti\/hospodarske-vysledky\/","title":{"rendered":"Hospod\u00e1rske v\u00fdsledky"},"content":{"rendered":"<table class=\"tabulka table-striped colored\" style=\"text-align: center\">\r\n<thead>\r\n<tr>\r\n<td style=\"width: 156px\">ZONER software, a.s.<\/td>\r\n<td style=\"width: 99px\">Tr\u017eby celkom<br \/>\r\n<span style=\"font-size: 0.7em\">(v tis\u00edcoch K\u010d)<\/span><\/td>\r\n<td style=\"width: 122px\">Rast medziro\u010dne<\/td>\r\n<td style=\"width: 322px\">EBITDA zisk pred \u00farokmi, da\u0148ami a odpismi<br \/>\r\n<span style=\"font-size: 0.7em\">(v tis\u00edcoch K\u010d)<\/span><\/td>\r\n<td style=\"width: 145px\">EBT pred zdanen\u00edm<br \/>\r\n<span style=\"font-size: 0.7em\">(v tis\u00edcoch K\u010d)<\/span><\/td>\r\n<\/tr>\r\n<\/thead>\r\n<tbody>\r\n<tr>\r\n    <td data-th=\"Rok\">2017<\/td>\r\n    <td data-th=\"Tr\u017eby celkom\">132 795<\/td>\r\n    <td data-th=\"Rast medziro\u010dne\">&nbsp;<\/td>\r\n    <td data-th=\"EBITDA\">&nbsp;<\/td>\r\n    <td data-th=\"EBT\">&nbsp;<\/td>\r\n<\/tr>\r\n<tr>\r\n    <td data-th=\"Rok\">2018<\/td>\r\n    <td data-th=\"Tr\u017eby celkom\">155 213<\/td>\r\n    <td data-th=\"Rast medziro\u010dne\">+14,5 %<\/td>\r\n    <td data-th=\"EBITDA\">34 427<\/td>\r\n    <td data-th=\"EBT\">14 300<\/td>\r\n<\/tr>\r\n<tr>\r\n    <td data-th=\"Rok\">2019<\/td>\r\n    <td data-th=\"Tr\u017eby celkom\">180 628<\/td>\r\n    <td data-th=\"Rast medziro\u010dne\">+16,4 %<\/td>\r\n    <td data-th=\"EBITDA\">26 101<\/td>\r\n    <td data-th=\"EBT\">3 913<\/td>\r\n<\/tr>\r\n<tr>\r\n    <td data-th=\"Rok\">2020<\/td>\r\n    <td data-th=\"Tr\u017eby celkom\">198 893<\/td>\r\n    <td data-th=\"Rast medziro\u010dne\">+9,08 %<\/td>\r\n    <td data-th=\"EBITDA\">30 532<\/td>\r\n    <td data-th=\"EBT\">2 824<\/td>\r\n<\/tr>\r\n<tr>\r\n    <td data-th=\"Rok\">2021<\/td>\r\n    <td data-th=\"Tr\u017eby celkom\">210 992<\/td>\r\n    <td data-th=\"Rast medziro\u010dne\">+6,10 %<\/td>\r\n    <td data-th=\"EBITDA\">30 177<\/td>\r\n    <td data-th=\"EBT\">2 398<\/td>\r\n<\/tr>\r\n<tr>\r\n    <td data-th=\"Rok\">2022<\/td>\r\n    <td data-th=\"Tr\u017eby celkom\">239 003<\/td>\r\n    <td data-th=\"Rast medziro\u010dne\">+13,27 %<\/td>\r\n    <td data-th=\"EBITDA\">49 126<\/td>\r\n    <td data-th=\"EBT\">18 218<\/td>\r\n<\/tr>\r\n<tr>\r\n    <td data-th=\"Rok\">2023<\/td>\r\n    <td data-th=\"Tr\u017eby celkom\">244 133<\/td>\r\n    <td data-th=\"Rast medziro\u010dne\">+2,14 %<\/td>\r\n    <td data-th=\"EBITDA\">23 441<\/td>\r\n    <td data-th=\"EBT\">3 940<\/td>\r\n<\/tr>\r\n<tr>\r\n    <td data-th=\"Rok\">2024*<\/td>\r\n    <td data-th=\"Tr\u017eby celkom\">263 000<\/td>\r\n    <td data-th=\"Rast medziro\u010dne\">+8 %<\/td>\r\n    <td data-th=\"EBITDA\">30 000<\/td>\r\n    <td data-th=\"EBT\">5 000<\/td>\r\n<\/tr>\r\n<\/tbody>\r\n<\/table>\r\n<p><br \/>\r\nFi\u0161k\u00e1lny rok Zoner za\u010d\u00edna v danom roku v\u017edy 1. 9. a kon\u010d\u00ed 31. 8. roka nasleduj\u00faceho.<\/p>\r\n<p>* Kv\u00f4li \u010dasov\u00e9mu rozl\u00ed\u0161enie pr\u00edjmu u IDS a SW tr\u017eby zn\u00ed\u017eili o 24,3 mil.<br \/>\r\n**Predbe\u017en\u00e9 v\u00fdsledky, kvalifikovan\u00fd odhad<br \/>\r\n<br \/>\r\n<\/p>\r\n<h2>Graf\u00a0hospod\u00e1rskych v\u00fdsledkov<\/h2>\r\n\r\n<div style=\"float: left;width: 50%;text-align: center\" id=\"graf-left\">\r\n\r\n<div id=\"chart_div_new\" style=\"height: 600px;width: 50% !important\"><\/div>\r\n<div id=\"chart_png_new\"><\/div>\r\n<\/div>\r\n\r\n<div style=\"width: 45%;float: left;margin-left: 30px\" id=\"graf-right\">\r\n<h3 style=\"text-align: center\">ZONER a.s. obdr\u017eal od medzin\u00e1rodnej spolo\u010dnosti Dun&amp;Bradstreet prest\u00ed\u017ene ocenenie CZECH Stability Award s najvy\u0161\u0161\u00edm mo\u017en\u00fdm ratingom AAA.\r\n<\/h3>\r\n<p>&nbsp;<\/p>\r\n<p><a href=\"https:\/\/www.zoner.eu\/wp-content\/uploads\/2022\/07\/Digital-Certificate-CZ.pdf\" target=\"_blank\" rel=\"noopener\"><img loading=\"lazy\" decoding=\"async\" src=\"https:\/\/www.zoner.eu\/wp-content\/uploads\/2022\/07\/etiketa-faktura-vyska-CSA-AAA-CZ.png\" alt=\"\" width=\"213\" height=\"300\" class=\"aligncenter wp-image-2206\" \/><\/a><\/p>\r\n<\/div>\r\n\r\n\r\n@media screen and ( max-width: 576px ) {\r\n  .tabulka tr {\r\nborder-top: 20px solid white;\r\n  }\r\n\r\ntable.tabulka tbody td:before, table.tabulka tfoot td:before {\r\n width: 50%;\r\n}\r\n}\r\n","protected":false},"excerpt":{"rendered":"<p>ZONER software, a.s. Tr\u017eby celkom (v tis\u00edcoch K\u010d) Rast medziro\u010dne EBITDA zisk pred \u00farokmi, da\u0148ami a odpismi (v tis\u00edcoch K\u010d) EBT pred zdanen\u00edm (v tis\u00edcoch K\u010d) 2017 132 795 &nbsp; &nbsp; &nbsp; 2018 155 213 +14,5 % 34 427 14 300 2019 180 628 +16,4 % 26 101 3 913 2020 198 893 +9,08 % [&hellip;]<\/p>\n","protected":false},"author":1,"featured_media":97,"parent":173,"menu_order":0,"comment_status":"closed","ping_status":"closed","template":"economic-results.php","meta":{"footnotes":""},"class_list":["post-235","page","type-page","status-publish","has-post-thumbnail","hentry"],"_links":{"self":[{"href":"https:\/\/www.zoner.eu\/sk\/wp-json\/wp\/v2\/pages\/235","targetHints":{"allow":["GET"]}}],"collection":[{"href":"https:\/\/www.zoner.eu\/sk\/wp-json\/wp\/v2\/pages"}],"about":[{"href":"https:\/\/www.zoner.eu\/sk\/wp-json\/wp\/v2\/types\/page"}],"author":[{"embeddable":true,"href":"https:\/\/www.zoner.eu\/sk\/wp-json\/wp\/v2\/users\/1"}],"replies":[{"embeddable":true,"href":"https:\/\/www.zoner.eu\/sk\/wp-json\/wp\/v2\/comments?post=235"}],"version-history":[{"count":15,"href":"https:\/\/www.zoner.eu\/sk\/wp-json\/wp\/v2\/pages\/235\/revisions"}],"predecessor-version":[{"id":2146,"href":"https:\/\/www.zoner.eu\/sk\/wp-json\/wp\/v2\/pages\/235\/revisions\/2146"}],"up":[{"embeddable":true,"href":"https:\/\/www.zoner.eu\/sk\/wp-json\/wp\/v2\/pages\/173"}],"wp:featuredmedia":[{"embeddable":true,"href":"https:\/\/www.zoner.eu\/sk\/wp-json\/wp\/v2\/media\/97"}],"wp:attachment":[{"href":"https:\/\/www.zoner.eu\/sk\/wp-json\/wp\/v2\/media?parent=235"}],"curies":[{"name":"wp","href":"https:\/\/api.w.org\/{rel}","templated":true}]}}