{"id":248,"date":"2018-05-23T07:21:10","date_gmt":"2018-05-23T05:21:10","guid":{"rendered":"http:\/\/www.zoner.eu\/?page_id=248"},"modified":"2025-12-19T12:46:33","modified_gmt":"2025-12-19T11:46:33","slug":"informacie-pre-investorov","status":"publish","type":"page","link":"https:\/\/www.zoner.eu\/sk\/o-spolocnosti\/informacie-pre-investorov\/","title":{"rendered":"Inform\u00e1cie pre investorov"},"content":{"rendered":"<p>Vnit\u0159n\u00ed informace podle \u00a7 125 jsou zve\u0159ej\u0148ov\u00e1ny na finan\u010dn\u00edm serveru <a href=\"http:\/\/www.aliaweb.cz\/\" target=\"_blank\" rel=\"noopener\">www.aliaweb.cz<\/a>.<br \/>\nHospod\u00e1\u0159sk\u00e9 v\u00fdsledky spole\u010dnosti jsou zve\u0159ejn\u011bny na samostatn\u00e9 str\u00e1nce, kterou najdete v sekci <a href=\"https:\/\/www.zoner.eu\/cs\/o-spolecnosti\/hospodarske-vysledky\" target=\"_blank\" rel=\"noopener\">Hospod\u00e1\u0159sk\u00e9 v\u00fdsledky<\/a>.<br \/>\n<br \/>\n<\/p>\n<div class=\"noprint\">\n<h2>D\u016fle\u017eit\u00e9 ud\u00e1losti a informace<\/h2>\n<table class=\"tabulka colored table-striped\">\n<thead>\n<tr>\n<td>Datum<\/td>\n<td>Ud\u00e1lost<\/td>\n<td>Dokument<\/td>\n<\/tr>\n<\/thead>\n<tbody>\n<tr>\n<td>24. 8. 2015<\/td>\n<td>Ozn\u00e1men\u00ed o sn\u00ed\u017een\u00ed objemu emise dluhopis\u016f o 1994 kus\u016f<\/td>\n<td><a class=\"pdf\" href=\"https:\/\/www.zoner.eu\/download\/investori\/oznameni-o-snizeni-emise-dluhopisu-2015.pdf\" target=\"_blank\" rel=\"noopener\">Ozn\u00e1men\u00ed o sn\u00ed\u017een\u00ed objemu emise dluhopis\u016f<\/a> (290 kB)<\/td>\n<\/tr>\n<tr>\n<td>19. 8. 2014<\/td>\n<td>Ozn\u00e1men\u00ed o zm\u011bn\u011b emisn\u00edch podm\u00ednek<\/td>\n<td><a class=\"pdf\" href=\"https:\/\/www.zoner.eu\/download\/investori\/oznameni-o-zmene-emisnich-podminek-dluhopisu-zoner-10-18-08-2014.pdf\" target=\"_blank\" rel=\"noopener\">Ozn\u00e1men\u00ed o zm\u011bn\u011b emisn\u00edch podm\u00ednek<\/a> (560 kB)<\/td>\n<\/tr>\n<tr>\n<td>19. 8. 2014<\/td>\n<td>Emisn\u00ed podm\u00ednky schv\u00e1len\u00e9 18. 8. 2014<\/td>\n<td><a class=\"pdf\" href=\"https:\/\/www.zoner.eu\/download\/investori\/emisni-podminky-schvalene-18-08-2014.pdf\" target=\"_blank\" rel=\"noopener\">Emisn\u00ed podm\u00ednky<\/a> (132 kB)<\/td>\n<\/tr>\n<tr>\n<td>2. 8. 2014<\/td>\n<td>Pln\u00e1 moc<\/td>\n<td><a class=\"pdf\" href=\"https:\/\/www.zoner.eu\/download\/investori\/plna-moc-02-08-2014.pdf\" target=\"_blank\" rel=\"noopener\">Pln\u00e1 moc<\/a> (.pdf, 91 kB)<\/td>\n<\/tr>\n<tr>\n<td>2. 8. 2014<\/td>\n<td>Zm\u011bna adresy kon\u00e1n\u00ed sch\u016fze vlastn\u00edk\u016f dluhopis\u016f<\/td>\n<td><a class=\"pdf\" href=\"https:\/\/www.zoner.eu\/download\/investori\/oznameni-o-svolani-schuze-vlastniku-dluhopisu-01-08-2014.pdf\" target=\"_blank\" rel=\"noopener\">Ozn\u00e1men\u00ed o svol\u00e1n\u00ed sch\u016fze vlastn\u00edk\u016f dluhopis\u016f<\/a> (.pdf; 1 MB)<\/td>\n<\/tr>\n<tr>\n<td>1. 8. 2014<\/td>\n<td>Zve\u0159ejn\u011bno ozn\u00e1men\u00ed o svol\u00e1n\u00ed sch\u016fze vlastn\u00edk\u016f dluhopis\u016f<\/td>\n<td><span style=\"text-decoration: line-through\">Ozn\u00e1men\u00ed o svol\u00e1n\u00ed sch\u016fze vlastn\u00edk\u016f dluhopis\u016f (.pdf; 696 kB)<\/span><\/td>\n<\/tr>\n<tr>\n<td>15. 7. 2011<\/td>\n<td>Sch\u016fze vlastn\u00edk\u016f dluhopis\u016f<\/td>\n<td><a class=\"pdf\" href=\"https:\/\/www.zoner.eu\/download\/investori\/notarsky-zapis-schuze-vlastniku-dluhopisu-15-07-2011.pdf\" target=\"_blank\" rel=\"noopener\">Not\u00e1\u0159sk\u00fd z\u00e1pis \u2013 sch\u016fze vlastn\u00edk\u016f dluhopis\u016f<\/a> (.pdf; 13 MB)<\/td>\n<\/tr>\n<tr>\n<td>1. 7. 2011<\/td>\n<td>Zve\u0159ejn\u011bno ozn\u00e1men\u00ed o svol\u00e1n\u00ed sch\u016fze vlastn\u00edk\u016f dluhopis\u016f<\/td>\n<td><a class=\"pdf\" href=\"https:\/\/www.zoner.eu\/download\/investori\/oznameni-o-svolani-schuze-vlastniku-dluhopisu-01-07-2011.pdf\" target=\"_blank\" rel=\"noopener\">Ozn\u00e1men\u00ed o svol\u00e1n\u00ed sch\u016fze vlastn\u00edk\u016f dluhopis\u016f<\/a> (.pdf; 165 kB)<\/td>\n<\/tr>\n<\/tbody>\n<\/table>\n<\/div>\n<p>&nbsp;<\/p>\n<p><strong>Informace emitenta k\u00f3tovan\u00e9ho cenn\u00e9ho pap\u00edru \u2013 dokument dle ustanoven\u00ed odstavce 6 \u00a7 120 z\u00e1kona \u010d. 256\/2004 Sb., z\u00e1kon o podnik\u00e1n\u00ed na kapit\u00e1lov\u00e9m trhu, ve zn\u011bn\u00ed pozd\u011bj\u0161\u00edch p\u0159edpis\u016f<\/strong>.<\/p>\n<p>Spole\u010dnost ZONER software, a.s., se s\u00eddlem Brno, Nov\u00e9 sady 583\/18, PS\u010c: 602 00, I\u010c: 49437381, spole\u010dnost zapsan\u00e1 v obchodn\u00edm rejst\u0159\u00edku Krajsk\u00e9ho soudu v Brn\u011b, odd\u00edl B, vlo\u017eka 5824, jako emitent cenn\u00e9ho pap\u00edru \u2013 dluhopisu ISIN CZ0003501660, registrovan\u00e9ho na ofici\u00e1ln\u00edm voln\u00e9m trhu BCPP (od 1. 10. 2009) a obchodovan\u00e9ho taky v obchodn\u00edm syst\u00e9mu RM-S (od 8. 6. 2010), uve\u0159ej\u0148uje obsah a odkazy na v\u0161echny \u00fadaje zve\u0159ejn\u011bn\u00e9 v \u010cesk\u00e9 republice p\u0159i pln\u011bn\u00ed informa\u010dn\u00edch povinnost\u00ed podle z\u00e1kona \u010d. 256\/2004 Sb., o podnik\u00e1n\u00ed na kapit\u00e1lov\u00fdch trz\u00edch, ve zn\u011bn\u00ed pozd\u011bj\u0161\u00edch p\u0159edpis\u016f (ZPKT), z\u00e1kona \u010d. 513\/1991 Sb., obchodn\u00edho z\u00e1kon\u00edku, ve zn\u011bn\u00ed pozd\u011bj\u0161\u00edch p\u0159edpis\u016f (ObZ) a z\u00e1kona \u010d.563\/1991 Sb., o \u00fa\u010detnictv\u00ed, ve zn\u011bn\u00ed pozd\u011bj\u0161\u00edch p\u0159edpis\u016f (Z\u00da).<\/p>\n<p>&nbsp;<\/p>\n<h2>Informace o prvn\u00ed emisi dluhopis\u016f<\/h2>\n<p>ZONER software, a.s., (Emitent) vyd\u00e1v\u00e1 ke dni 1. 10. 2009 dluhopisy ZONER SOF.10,00\/14 s pevn\u00fdm \u00farokov\u00fdm v\u00fdnosem 10,00 % p.a. v celkov\u00e9 p\u0159edpokl\u00e1dan\u00e9 jmenovit\u00e9 hodnot\u011b emise 200.000.000 K\u010d k datu emise nebo v pr\u016fb\u011bhu emisn\u00ed lh\u016fty splatn\u00e9 v roce 2014, ISIN CZ0003501660. K datu emise vyd\u00e1v\u00e1 Emitent prvn\u00ed tran\u0161i ve v\u00fd\u0161i 50 000 000 K\u010d, kter\u00e1 byla ups\u00e1na do 15. 9. 2009.<br \/>\n<br \/>\n<\/p>\n<div class=\"business\">\n<p><div class='row'> <div class=\"col-12 col-md-6 col-lg-3\"> <img loading=\"lazy\" decoding=\"async\" class=\"size-full wp-image-254 aligncenter\" src=\"https:\/\/www.zoner.eu\/wp-content\/uploads\/2018\/05\/logo_rm_fio.gif\" alt=\"\" width=\"184\" height=\"32\" \/><\/div> <div class=\"col-12 col-md-6 col-lg-9\"> <a href=\"http:\/\/www.rmsystem.cz\/akcie-77600-dluhopis-zoner-software-10-00-14\" target=\"_blank\" rel=\"noopener\">Dluhopisy ZONER SOF.10,00\/14 jsou od 8. 6. 2010 ve\u0159ejn\u011b obchodovateln\u00e9 na \u010desk\u00e9 burze cenn\u00fdch pap\u00edr\u016f RM-SYST\u00c9M<\/a>. V p\u0159\u00edpad\u011b z\u00e1jmu o n\u00e1kup t\u011bchto cenn\u00fdch pap\u00edr\u016f na burze RM-SYST\u00c9M se m\u016f\u017eete obr\u00e1tit na obchodn\u00edka Fio. <a href=\"https:\/\/www.fio.cz\/o-nas\/kontakty\" target=\"_blank\" rel=\"noopener\">Seznam pobo\u010dek naleznete zde<\/a>. V Brn\u011b banka Fio s\u00eddl\u00ed na adrese Veve\u0159\u00ed 102 a Jo\u0161tova 4. <\/div> <\/div><br \/>\n<br \/>\n<div class='row'> <div class=\"col-12 col-md-6 col-lg-3\"> <img loading=\"lazy\" decoding=\"async\" class=\"size-full wp-image-256 aligncenter\" src=\"https:\/\/www.zoner.eu\/wp-content\/uploads\/2018\/05\/logo_cyrrus.gif\" alt=\"\" width=\"184\" height=\"35\" \/> <\/div> <div class=\"col-12 col-md-6 col-lg-9\"> <a href=\"https:\/\/www.pse.cz\/Cenne-Papiry\/Detail.aspx?isin=CZ0003501660#OL\" target=\"_blank\" rel=\"noopener\">Dluhopisy ZONER SOF.10,00\/14 jsou od 1. 10. 2010 ve\u0159ejn\u011b obchodovateln\u00e9 na ofici\u00e1ln\u00edm voln\u00e9m trhu BCPP<\/a>. V p\u0159\u00edpad\u011b z\u00e1jmu o n\u00e1kup t\u011bchto cenn\u00fdch pap\u00edr\u016f se obra\u0165te na CYRRUS, a.s. v Brn\u011b na Veve\u0159\u00ed 111, resp. v Praze v Radlick\u00e9 ulici \u010d. 14. Bli\u017e\u0161\u00ed informace (poplatky, techniku n\u00e1kupu) naleznete tak\u00e9 na <a href=\"https:\/\/www.cyrrus.cz\/\" target=\"_blank\" rel=\"noopener\">www.cyrrus.cz<\/a>. <\/div> <\/div><\/p>\n<p>&nbsp;<\/p>\n<\/div>\n<p>Zve\u0159ej\u0148ovan\u00fd Prospekt, v\u0161echny v\u00fdro\u010dn\u00ed a pololetn\u00ed zpr\u00e1vy Emitenta uve\u0159ejn\u011bn\u00e9 po datu vyhotoven\u00ed tohoto Prospektu, jako\u017e i v\u0161echny dokumenty uveden\u00e9 v tomto Prospektu formou odkazu, jsou k dispozici v elektronick\u00e9 podob\u011b na internetov\u00e9 str\u00e1nce Emitenta <a href=\"https:\/\/www.zoner.eu\/\" target=\"_blank\" rel=\"noopener\">www.zoner.eu<\/a>, a d\u00e1le tak\u00e9 v s\u00eddle Emitenta na adrese Brno, Nov\u00e9 sady 583\/18, PS\u010c: 602 00, v pracovn\u00ed dny v dob\u011b od 9.00 do 14.00 hod.<\/p>\n<p>&nbsp;<\/p>\n<h2>Realizovan\u00e9 \u00fapisy a prodej dluhopis\u016f<\/h2>\n<table class=\"tabulka colored table-striped\">\n<thead>\n<tr>\n<td>N\u00e1zev<\/td>\n<td>ISIN<\/td>\n<td>Term\u00edn<\/td>\n<td>Objem \u00fapisu<\/td>\n<td>Ups\u00e1no celkem<\/td>\n<\/tr>\n<\/thead>\n<tbody>\n<tr>\n<td>ZONER SOF.10,00\/14<\/td>\n<td>CZ0003501660<\/td>\n<td>1.-15.9.2009<\/td>\n<td>50 mil. K\u010d<\/td>\n<td>50 mil. K\u010d<\/td>\n<\/tr>\n<tr>\n<td>ZONER SOF.10,00\/14<\/td>\n<td>CZ0003501660<\/td>\n<td>1.10.-31.12.2009<\/td>\n<td>20,9 mil. K\u010d<\/td>\n<td>70,9 mil. K\u010d<\/td>\n<\/tr>\n<tr>\n<td>ZONER SOF.10,00\/14<\/td>\n<td>CZ0003501660<\/td>\n<td>1.1.-31.3.2010<\/td>\n<td>1,15 mil. K\u010d<\/td>\n<td>72,05 mil. K\u010d<\/td>\n<\/tr>\n<tr>\n<td>ZONER SOF.10,00\/14<\/td>\n<td>CZ0003501660<\/td>\n<td>1.4.-30.6.2010<\/td>\n<td>&#8211;<\/td>\n<td>72,05 mil. K\u010d<\/td>\n<\/tr>\n<tr>\n<td>ZONER SOF.10,00\/14<\/td>\n<td>CZ0003501660<\/td>\n<td>1.7.-30.9.2010<\/td>\n<td>0,05 mil. K\u010d<\/td>\n<td>72,1 mil. K\u010d<\/td>\n<\/tr>\n<tr>\n<td><i>v\u00fdplata kup\u00f3nu<\/i><\/td>\n<td><i>CZ0003501660<\/i><\/td>\n<td><i>1.10.2010<\/i><\/td>\n<td><i>7,21 mil. K\u010d<\/i><\/td>\n<td>&#8211;<\/td>\n<\/tr>\n<tr>\n<td>ZONER SOF.10,00\/14<\/td>\n<td>CZ0003501660<\/td>\n<td>1.10.-31.12.2010<\/td>\n<td>&#8211;<\/td>\n<td>72,1 mil. K\u010d<\/td>\n<\/tr>\n<tr>\n<td>ZONER SOF.10,00\/14<\/td>\n<td>CZ0003501660<\/td>\n<td>1.1.-31.3.2011<\/td>\n<td>&#8211;<\/td>\n<td>72,1 mil. K\u010d<\/td>\n<\/tr>\n<tr>\n<td>ZONER SOF.10,00\/14<\/td>\n<td>CZ0003501660<\/td>\n<td>1.4.-30.6.2011<\/td>\n<td>4,59 mil. K\u010d<\/td>\n<td>76,69 mil. K\u010d<\/td>\n<\/tr>\n<tr>\n<td>ZONER SOF.10,00\/14<\/td>\n<td>CZ0003501660<\/td>\n<td>1.7.-30.9.2011<\/td>\n<td>&#8211;<\/td>\n<td>76,69 mil. K\u010d<\/td>\n<\/tr>\n<tr>\n<td><i>v\u00fdplata kup\u00f3nu<\/i><\/td>\n<td><i>CZ0003501660<\/i><\/td>\n<td><i>1.10.2011<\/i><\/td>\n<td><i>7,67 mil. K\u010d<\/i><\/td>\n<td>&#8211;<\/td>\n<\/tr>\n<tr>\n<td>ZONER SOF.10,00\/14<\/td>\n<td>CZ0003501660<\/td>\n<td>1.10.-31.12.2011<\/td>\n<td>&#8211;<\/td>\n<td>76,69 mil. K\u010d<\/td>\n<\/tr>\n<\/tbody>\n<\/table>\n<p><br \/>\n<strong>Ke dni 1. 1. 2012 emitent ZONER software, a.s., m\u00e1 ve vlastnictv\u00ed 6.580 ks upsan\u00fdch dluhopis\u016f v celkov\u00e9 v\u00fd\u0161i 65,8 mil. K\u010d.<\/strong><\/p>\n<p>&nbsp;<\/p>\n<h2>V\u00fdbor pro audit<\/h2>\n<p>Spole\u010dnost z\u0159\u00eddila v souladu se z\u00e1konem \u010d. 93\/2009 Sb. (z\u00e1kon o auditorech) v platn\u00e9m zn\u011bn\u00ed a stanovami spole\u010dnosti v\u00fdbor pro audit. \u010cleny v\u00fdboru pro audit jsou:<\/p>\n<ul>\n\t<li>RNDr. Jan Materna, Ph.D., p\u0159edseda<\/li>\n\t<li>Ing. Ladislav Kubica<\/li>\n\t<li>Hana Bergmanov\u00e1<\/li>\n<\/ul>\n<p>Statut v\u00fdboru pro audit v pln\u00e9m zn\u011bn\u00ed <a title=\"Statut v\u00fdboru pro audit\" href=\"https:\/\/zoner.eu\/download\/statut_vyboru_pro_audit_spolecnosti_zoner_software.pdf\" target=\"_blank\" rel=\"noopener\">zde<\/a>.<\/p>","protected":false},"excerpt":{"rendered":"<p>Vnit\u0159n\u00ed informace podle \u00a7 125 jsou zve\u0159ej\u0148ov\u00e1ny na finan\u010dn\u00edm serveru www.aliaweb.cz. Hospod\u00e1\u0159sk\u00e9 v\u00fdsledky spole\u010dnosti jsou zve\u0159ejn\u011bny na samostatn\u00e9 str\u00e1nce, kterou najdete v sekci Hospod\u00e1\u0159sk\u00e9 v\u00fdsledky. D\u016fle\u017eit\u00e9 ud\u00e1losti a informace Datum Ud\u00e1lost Dokument 24. 8. 2015 Ozn\u00e1men\u00ed o sn\u00ed\u017een\u00ed objemu emise dluhopis\u016f o 1994 kus\u016f Ozn\u00e1men\u00ed o sn\u00ed\u017een\u00ed objemu emise dluhopis\u016f (290 kB) 19. 8. 2014 [&hellip;]<\/p>\n","protected":false},"author":1,"featured_media":97,"parent":173,"menu_order":0,"comment_status":"closed","ping_status":"closed","template":"","meta":{"footnotes":""},"class_list":["post-248","page","type-page","status-publish","has-post-thumbnail","hentry"],"_links":{"self":[{"href":"https:\/\/www.zoner.eu\/sk\/wp-json\/wp\/v2\/pages\/248","targetHints":{"allow":["GET"]}}],"collection":[{"href":"https:\/\/www.zoner.eu\/sk\/wp-json\/wp\/v2\/pages"}],"about":[{"href":"https:\/\/www.zoner.eu\/sk\/wp-json\/wp\/v2\/types\/page"}],"author":[{"embeddable":true,"href":"https:\/\/www.zoner.eu\/sk\/wp-json\/wp\/v2\/users\/1"}],"replies":[{"embeddable":true,"href":"https:\/\/www.zoner.eu\/sk\/wp-json\/wp\/v2\/comments?post=248"}],"version-history":[{"count":1,"href":"https:\/\/www.zoner.eu\/sk\/wp-json\/wp\/v2\/pages\/248\/revisions"}],"predecessor-version":[{"id":1604,"href":"https:\/\/www.zoner.eu\/sk\/wp-json\/wp\/v2\/pages\/248\/revisions\/1604"}],"up":[{"embeddable":true,"href":"https:\/\/www.zoner.eu\/sk\/wp-json\/wp\/v2\/pages\/173"}],"wp:featuredmedia":[{"embeddable":true,"href":"https:\/\/www.zoner.eu\/sk\/wp-json\/wp\/v2\/media\/97"}],"wp:attachment":[{"href":"https:\/\/www.zoner.eu\/sk\/wp-json\/wp\/v2\/media?parent=248"}],"curies":[{"name":"wp","href":"https:\/\/api.w.org\/{rel}","templated":true}]}}