{"id":65,"date":"2018-05-07T06:41:42","date_gmt":"2018-05-07T04:41:42","guid":{"rendered":"http:\/\/www.zoner.eu\/?page_id=65"},"modified":"2025-12-19T12:42:39","modified_gmt":"2025-12-19T11:42:39","slug":"fotograficky-software","status":"publish","type":"page","link":"https:\/\/www.zoner.eu\/sk\/fotograficky-software\/","title":{"rendered":"Fotografick\u00fd software"},"content":{"rendered":"<p><span style=\"font-weight: 400\"> Zoner Photo Studio je softv\u00e9r, ktor\u00fd pou\u017e\u00edvaj\u00fa mili\u00f3ny fotografov po celom svete. Najnov\u0161ia verzia X v\u00e1m pom\u00f4\u017ee sa stiahnut\u00edm sn\u00edmok do po\u010d\u00edta\u010da, trieden\u00edm, \u00fapravou, zdie\u013ean\u00edm a dokonca vytvoren\u00edm fotokn\u00edh, kalend\u00e1rov a \u010fal\u0161\u00edch fotopredmetov. <\/span><\/p>\r\n<p><span style=\"font-weight: 400\"> Softv\u00e9rov\u00e1 div\u00edzia bola zalo\u017een\u00e1 v roku 1993 s hlavn\u00fdm cie\u013eom prinies\u0165 na \u010desk\u00fd trh kvalitn\u00fd grafick\u00fd program v rodnom jazyku. V\u010faka jeho kvalite a ob\u013e\u00fabenosti na dom\u00e1cej p\u00f4de si tento program r\u00fdchlo vy\u017eiadal lokaliz\u00e1cia do celej rady svetov\u00fdch jazykov a dnes m\u00e1 u\u017e Zoner Photo Studio svojich priaznivcov po celom svete. Najm\u00e4 potom v <a href=\"http:\/\/www.zoner.com\/\"> <span style=\"font-weight: 400\"> US<\/span><\/a> <span style=\"font-weight: 400\">, Kanade a Ve\u013ekej Brit\u00e1nii<\/span><span style=\"font-weight: 400\">, <\/span> <a href=\"https:\/\/www.zoner.com\/de\"> <span style=\"font-weight: 400\"> Nemecku <\/span> <\/a> <span style=\"font-weight: 400\">,<\/span> <a href=\"https:\/\/ www. zoner.com\/jp\"><span style=\"font-weight: 400\"> Japonsku<\/span><\/a> <span style=\"font-weight: 400\">, <\/span> <a href=\"https:\/\/www.zoner.com\/ru\"><span style=\"font-weight: 400\"> Rusku <\/span> <\/a> <span style=\"font-weight: 400\"> a<\/span><a href=\"https:\/\/www.zoner.com\/es\"> <span style=\"font-weight: 400\"> \u0160panielsku <\/span><\/a> <span style=\"font-weight: 400\">. V roku 2015 prekro\u010dilo Zoner Photo Studio magick\u00fa hranicu desiatich mili\u00f3nov in\u0161tal\u00e1ci\u00ed. <\/span><\/span><\/p>\r\n<div class=\"slick-slider-wrapper\">\n<div class=\"slick-slider slick-slider--size-medium\" id=\"slick-slider-1\" data-slick='{\"showCaption\":true,\"autoplay\":true,\"autoplaySpeed\":2000,\"customPaging\":\"15px\",\"respondTo\":\"min\",\"slidesPerRow\":3,\"swipeToSlide\":true,\"rows\":1,\"slidesToShow\":3}'>\n<div class=\"slide\" data-attachment-id=\"1481\">\n<div class=\"slide__inner\">\n<a href='https:\/\/www.zoner.eu\/sk\/files\/2018\/06\/zoner_photo_studio_automaticke_upravy-1.jpg' title=\"\" data-rl_title=\"\" class=\"rl-gallery-link\" data-rl_caption=\"\" data-rel=\"lightbox-gallery-0\"><img width=\"700\" height=\"380\" class=\"attachment-medium size-medium\" alt=\"\" data-sizes=\"(max-width: 700px) 100vw, 700px\" data-lazy=\"https:\/\/www.zoner.eu\/sk\/files\/2018\/06\/zoner_photo_studio_automaticke_upravy-1-700x380.jpg\" data-srcset=\"https:\/\/www.zoner.eu\/sk\/files\/2018\/06\/zoner_photo_studio_automaticke_upravy-1-700x380.jpg 700w, https:\/\/www.zoner.eu\/sk\/files\/2018\/06\/zoner_photo_studio_automaticke_upravy-1-768x417.jpg 768w, https:\/\/www.zoner.eu\/sk\/files\/2018\/06\/zoner_photo_studio_automaticke_upravy-1-1024x556.jpg 1024w, https:\/\/www.zoner.eu\/sk\/files\/2018\/06\/zoner_photo_studio_automaticke_upravy-1.jpg 2000w\" \/><\/a>\n<div class=\"slide__caption\">\nVylep\u0161ite fotky na jedin\u00e9 kliknutie\n<\/div>\n<\/div>\n<\/div>\n<div class=\"slide\" data-attachment-id=\"1482\">\n<div class=\"slide__inner\">\n<a href='https:\/\/www.zoner.eu\/sk\/files\/2018\/06\/zoner_photo_studio_nejlepsi_retusovaci_stetec-1.jpg' title=\"\" data-rl_title=\"\" class=\"rl-gallery-link\" data-rl_caption=\"\" data-rel=\"lightbox-gallery-0\"><img width=\"700\" height=\"380\" class=\"attachment-medium size-medium\" alt=\"\" data-sizes=\"(max-width: 700px) 100vw, 700px\" data-lazy=\"https:\/\/www.zoner.eu\/sk\/files\/2018\/06\/zoner_photo_studio_nejlepsi_retusovaci_stetec-1-700x380.jpg\" data-srcset=\"https:\/\/www.zoner.eu\/sk\/files\/2018\/06\/zoner_photo_studio_nejlepsi_retusovaci_stetec-1-700x380.jpg 700w, https:\/\/www.zoner.eu\/sk\/files\/2018\/06\/zoner_photo_studio_nejlepsi_retusovaci_stetec-1-768x417.jpg 768w, https:\/\/www.zoner.eu\/sk\/files\/2018\/06\/zoner_photo_studio_nejlepsi_retusovaci_stetec-1-1024x556.jpg 1024w, https:\/\/www.zoner.eu\/sk\/files\/2018\/06\/zoner_photo_studio_nejlepsi_retusovaci_stetec-1.jpg 2000w\" \/><\/a>\n<div class=\"slide__caption\">\nTvorte skvel\u00e9 portr\u00e9ty svetovo unik\u00e1tnym retu\u0161ovacom \u0161tetcom\n<\/div>\n<\/div>\n<\/div>\n<div class=\"slide\" data-attachment-id=\"1486\">\n<div class=\"slide__inner\">\n<a href='https:\/\/www.zoner.eu\/sk\/files\/2018\/06\/zoner_photo_studio_zretelnost-1.jpg' title=\"\" data-rl_title=\"\" class=\"rl-gallery-link\" data-rl_caption=\"\" data-rel=\"lightbox-gallery-0\"><img width=\"700\" height=\"380\" class=\"attachment-medium size-medium\" alt=\"\" data-sizes=\"(max-width: 700px) 100vw, 700px\" data-lazy=\"https:\/\/www.zoner.eu\/sk\/files\/2018\/06\/zoner_photo_studio_zretelnost-1-700x380.jpg\" data-srcset=\"https:\/\/www.zoner.eu\/sk\/files\/2018\/06\/zoner_photo_studio_zretelnost-1-700x380.jpg 700w, https:\/\/www.zoner.eu\/sk\/files\/2018\/06\/zoner_photo_studio_zretelnost-1-768x417.jpg 768w, https:\/\/www.zoner.eu\/sk\/files\/2018\/06\/zoner_photo_studio_zretelnost-1-1024x556.jpg 1024w, https:\/\/www.zoner.eu\/sk\/files\/2018\/06\/zoner_photo_studio_zretelnost-1.jpg 2000w\" \/><\/a>\n<div class=\"slide__caption\">\nDodajte fotk\u00e1m h\u013abku s n\u00e1strojom Zrete\u013enos\u0165\n<\/div>\n<\/div>\n<\/div>\n<div class=\"slide\" data-attachment-id=\"1484\">\n<div class=\"slide__inner\">\n<a href='https:\/\/www.zoner.eu\/sk\/files\/2018\/06\/zoner_photo_studio_presny_vyber-1.jpg' title=\"\" data-rl_title=\"\" class=\"rl-gallery-link\" data-rl_caption=\"\" data-rel=\"lightbox-gallery-0\"><img width=\"700\" height=\"380\" class=\"attachment-medium size-medium\" alt=\"\" data-sizes=\"(max-width: 700px) 100vw, 700px\" data-lazy=\"https:\/\/www.zoner.eu\/sk\/files\/2018\/06\/zoner_photo_studio_presny_vyber-1-700x380.jpg\" data-srcset=\"https:\/\/www.zoner.eu\/sk\/files\/2018\/06\/zoner_photo_studio_presny_vyber-1-700x380.jpg 700w, https:\/\/www.zoner.eu\/sk\/files\/2018\/06\/zoner_photo_studio_presny_vyber-1-768x417.jpg 768w, https:\/\/www.zoner.eu\/sk\/files\/2018\/06\/zoner_photo_studio_presny_vyber-1-1024x556.jpg 1024w, https:\/\/www.zoner.eu\/sk\/files\/2018\/06\/zoner_photo_studio_presny_vyber-1.jpg 2000w\" \/><\/a>\n<div class=\"slide__caption\">\nVyberte aj sebeslo\u017eit\u011bj\u0161\u00ed objekt s chirurgickou presnos\u0165ou\n<\/div>\n<\/div>\n<\/div>\n<div class=\"slide\" data-attachment-id=\"1485\">\n<div class=\"slide__inner\">\n<a href='https:\/\/www.zoner.eu\/sk\/files\/2018\/06\/zoner_photo_studio_vrstvy-1.jpg' title=\"\" data-rl_title=\"\" class=\"rl-gallery-link\" data-rl_caption=\"\" data-rel=\"lightbox-gallery-0\"><img width=\"700\" height=\"380\" class=\"attachment-medium size-medium\" alt=\"\" data-sizes=\"(max-width: 700px) 100vw, 700px\" data-lazy=\"https:\/\/www.zoner.eu\/sk\/files\/2018\/06\/zoner_photo_studio_vrstvy-1-700x380.jpg\" data-srcset=\"https:\/\/www.zoner.eu\/sk\/files\/2018\/06\/zoner_photo_studio_vrstvy-1-700x380.jpg 700w, https:\/\/www.zoner.eu\/sk\/files\/2018\/06\/zoner_photo_studio_vrstvy-1-768x417.jpg 768w, https:\/\/www.zoner.eu\/sk\/files\/2018\/06\/zoner_photo_studio_vrstvy-1-1024x556.jpg 1024w, https:\/\/www.zoner.eu\/sk\/files\/2018\/06\/zoner_photo_studio_vrstvy-1.jpg 2000w\" \/><\/a>\n<div class=\"slide__caption\">\nPokro\u010dil\u00e9 fotomanipulace zvl\u00e1dnete s vrstvami a maskami\n<\/div>\n<\/div>\n<\/div>\n<div class=\"slide\" data-attachment-id=\"1483\">\n<div class=\"slide__inner\">\n<a href='https:\/\/www.zoner.eu\/sk\/files\/2018\/06\/zoner_photo_studio_organizace_fotografii-1.jpg' title=\"\" data-rl_title=\"\" class=\"rl-gallery-link\" data-rl_caption=\"\" data-rel=\"lightbox-gallery-0\"><img width=\"700\" height=\"380\" class=\"attachment-medium size-medium\" alt=\"\" data-sizes=\"(max-width: 700px) 100vw, 700px\" data-lazy=\"https:\/\/www.zoner.eu\/sk\/files\/2018\/06\/zoner_photo_studio_organizace_fotografii-1-700x380.jpg\" data-srcset=\"https:\/\/www.zoner.eu\/sk\/files\/2018\/06\/zoner_photo_studio_organizace_fotografii-1-700x380.jpg 700w, https:\/\/www.zoner.eu\/sk\/files\/2018\/06\/zoner_photo_studio_organizace_fotografii-1-768x417.jpg 768w, https:\/\/www.zoner.eu\/sk\/files\/2018\/06\/zoner_photo_studio_organizace_fotografii-1-1024x556.jpg 1024w, https:\/\/www.zoner.eu\/sk\/files\/2018\/06\/zoner_photo_studio_organizace_fotografii-1.jpg 2000w\" \/><\/a>\n<div class=\"slide__caption\">\nMajte dokonal\u00fd poriadok vo fotoarch\u00edve\n<\/div>\n<\/div>\n<\/div>\n<\/div>\n<\/div>\r\n<p><span style=\"font-weight: 400\"> S cie\u013eom vzdel\u00e1va\u0165 a in\u0161pirova\u0165 fotografick\u00fa verejnos\u0165 prin\u00e1\u0161a softv\u00e9rov\u00e1 div\u00edzia aj \u010fal\u0161ie projekty, ako s\u00fa internetov\u00e1 gal\u00e9ria <\/span> <a href=\"http:\/\/www.zonerama.com\/\"> <span style=\"font-weight: 400\"> Zonerama <\/span><\/a> <span style=\"font-weight: 400\"> s priamym napojen\u00edm na Zoner Photo Studio alebo e-magaz\u00edn <\/span> <a href=\"https:\/\/milujemefotografii.cz\/\"> <span style=\"font-weight: 400\"> Milujeme fotografiu <\/span><\/a> <span style=\"font-weight: 400\"> a s n\u00edm s\u00favisiace aktivity na soci\u00e1lnych sie\u0165ach &#8211; najm\u00e4 na <\/span> <a href=\"http:\/\/www.facebook.com\/ZonerPhotoStudio\"> <span style=\"font-weight: 400\"> Facebooku<\/span><\/a> <span style=\"font-weight: 400\"> a <\/span> <span style=\"font-weight: 400\"> Twitteri <\/span><span style=\"font-weight: 400\"> . V j\u00fani 2018 vid\u00ed svetlo sveta nov\u00fd produkt <\/span> <span style=\"font-weight: 400\"> Zoner Photo Cloud <\/span><span style=\"font-weight: 400\"> &#8211; osobn\u00e9 cloudov\u00e9 \u00falo\u017eisko fotografi\u00ed, ku ktor\u00e9mu m\u00e1 fotograf pr\u00edstup iba zo svojho Zoner \u00fa\u010dtu v Zoner Photo Studiu X. <\/span><\/p>","protected":false},"excerpt":{"rendered":"<p>Zoner Photo Studio je softv\u00e9r, ktor\u00fd pou\u017e\u00edvaj\u00fa mili\u00f3ny fotografov po celom svete. Najnov\u0161ia verzia X v\u00e1m pom\u00f4\u017ee sa stiahnut\u00edm sn\u00edmok do po\u010d\u00edta\u010da, trieden\u00edm, \u00fapravou, zdie\u013ean\u00edm a dokonca vytvoren\u00edm fotokn\u00edh, kalend\u00e1rov a \u010fal\u0161\u00edch fotopredmetov. Softv\u00e9rov\u00e1 div\u00edzia bola zalo\u017een\u00e1 v roku 1993 s hlavn\u00fdm cie\u013eom prinies\u0165 na \u010desk\u00fd trh kvalitn\u00fd grafick\u00fd program v rodnom jazyku. V\u010faka jeho [&hellip;]<\/p>\n","protected":false},"author":1,"featured_media":66,"parent":0,"menu_order":0,"comment_status":"closed","ping_status":"closed","template":"division.php","meta":{"footnotes":""},"class_list":["post-65","page","type-page","status-publish","has-post-thumbnail","hentry"],"_links":{"self":[{"href":"https:\/\/www.zoner.eu\/sk\/wp-json\/wp\/v2\/pages\/65","targetHints":{"allow":["GET"]}}],"collection":[{"href":"https:\/\/www.zoner.eu\/sk\/wp-json\/wp\/v2\/pages"}],"about":[{"href":"https:\/\/www.zoner.eu\/sk\/wp-json\/wp\/v2\/types\/page"}],"author":[{"embeddable":true,"href":"https:\/\/www.zoner.eu\/sk\/wp-json\/wp\/v2\/users\/1"}],"replies":[{"embeddable":true,"href":"https:\/\/www.zoner.eu\/sk\/wp-json\/wp\/v2\/comments?post=65"}],"version-history":[{"count":7,"href":"https:\/\/www.zoner.eu\/sk\/wp-json\/wp\/v2\/pages\/65\/revisions"}],"predecessor-version":[{"id":2144,"href":"https:\/\/www.zoner.eu\/sk\/wp-json\/wp\/v2\/pages\/65\/revisions\/2144"}],"wp:featuredmedia":[{"embeddable":true,"href":"https:\/\/www.zoner.eu\/sk\/wp-json\/wp\/v2\/media\/66"}],"wp:attachment":[{"href":"https:\/\/www.zoner.eu\/sk\/wp-json\/wp\/v2\/media?parent=65"}],"curies":[{"name":"wp","href":"https:\/\/api.w.org\/{rel}","templated":true}]}}